{"id":532,"date":"2019-09-06T09:53:34","date_gmt":"2019-09-06T09:53:34","guid":{"rendered":"https:\/\/www.address-expert.com\/?page_id=532"},"modified":"2023-10-04T16:49:00","modified_gmt":"2023-10-04T16:49:00","slug":"norme-postale","status":"publish","type":"page","link":"https:\/\/www.address-expert.com\/fr\/norme-postale\/","title":{"rendered":"Norme Postale"},"content":{"rendered":"<p>[et_pb_section fb_built=\u00a0\u00bb1&Prime; admin_label=\u00a0\u00bbOur Approach\u00a0\u00bb _builder_version=\u00a0\u00bb4.16&Prime; global_colors_info=\u00a0\u00bb{}\u00a0\u00bb][et_pb_row column_structure=\u00a0\u00bb1_2,1_2&Prime; _builder_version=\u00a0\u00bb4.16&Prime; global_colors_info=\u00a0\u00bb{}\u00a0\u00bb][et_pb_column type=\u00a0\u00bb1_2&Prime; _builder_version=\u00a0\u00bb4.16&Prime; custom_padding=\u00a0\u00bb|||\u00a0\u00bb global_colors_info=\u00a0\u00bb{}\u00a0\u00bb custom_padding__hover=\u00a0\u00bb|||\u00a0\u00bb][et_pb_text _builder_version=\u00a0\u00bb4.16&Prime; width=\u00a0\u00bb97%\u00a0\u00bb text_font_size_tablet=\u00a0\u00bb\u00a0\u00bb text_font_size_phone=\u00a0\u00bb\u00a0\u00bb text_font_size_last_edited=\u00a0\u00bbon|phone\u00a0\u00bb global_colors_info=\u00a0\u00bb{}\u00a0\u00bb]<\/p>\n<h1 style=\"text-align: left;\">NORME POSTALE<br \/>\nFrance et International<\/h1>\n<p>[\/et_pb_text][\/et_pb_column][et_pb_column type=\u00a0\u00bb1_2&Prime; _builder_version=\u00a0\u00bb4.16&Prime; custom_padding=\u00a0\u00bb|||\u00a0\u00bb global_colors_info=\u00a0\u00bb{}\u00a0\u00bb custom_padding__hover=\u00a0\u00bb|||\u00a0\u00bb][et_pb_image src=\u00a0\u00bbhttps:\/\/www.address-expert.com\/wp-content\/uploads\/2019\/08\/Fotolia_126355468_S.jpg\u00a0\u00bb alt=\u00a0\u00bbLa norme postale France et internationale, une t\u00e2che ardue et complexe\u00a0\u00bb title_text=\u00a0\u00bbNorme Postale France et International\u00a0\u00bb _builder_version=\u00a0\u00bb4.16&Prime; box_shadow_style=\u00a0\u00bbpreset2&Prime; global_colors_info=\u00a0\u00bb{}\u00a0\u00bb][\/et_pb_image][\/et_pb_column][\/et_pb_row][et_pb_row _builder_version=\u00a0\u00bb4.16&Prime; custom_padding=\u00a0\u00bb6px|||||\u00a0\u00bb global_colors_info=\u00a0\u00bb{}\u00a0\u00bb][et_pb_column type=\u00a0\u00bb4_4&Prime; _builder_version=\u00a0\u00bb4.16&Prime; custom_padding=\u00a0\u00bb|||\u00a0\u00bb global_colors_info=\u00a0\u00bb{}\u00a0\u00bb custom_padding__hover=\u00a0\u00bb|||\u00a0\u00bb][et_pb_text _builder_version=\u00a0\u00bb4.16&Prime; text_font=\u00a0\u00bbOpen Sans||||||||\u00a0\u00bb text_font_size=\u00a0\u00bb16px\u00a0\u00bb text_line_height=\u00a0\u00bb1.8em\u00a0\u00bb max_width=\u00a0\u00bb100%\u00a0\u00bb max_width_last_edited=\u00a0\u00bboff|desktop\u00a0\u00bb custom_margin=\u00a0\u00bb|-658px||||\u00a0\u00bb text_font_size_tablet=\u00a0\u00bb16px\u00a0\u00bb text_font_size_phone=\u00a0\u00bb14px\u00a0\u00bb global_colors_info=\u00a0\u00bb{}\u00a0\u00bb]<\/p>\n<p style=\"text-align: left;\"><span style=\"color: #0c71c3;\"><strong>\u00a0Quels enjeux ?<\/strong><\/span><\/p>\n<p style=\"text-align: left;\"><span style=\"color: #000000;\">Le libell\u00e9 des adresses est une t\u00e2che ardue et complexe, d\u2019autant plus difficile qu\u2019il n\u2019existe pas de syst\u00e8me unique pour tous les pays.<\/span><\/p>\n<p style=\"text-align: left;\"><span style=\"color: #000000;\">Par ailleurs, les <strong>r\u00e9f\u00e9rentiels postaux<\/strong> \u00e9voluent au fil du temps et sont r\u00e9guli\u00e8rement mis \u00e0 jour par les organismes postaux (ex 200 000 changements en FR \/ an).<\/span><\/p>\n<p style=\"text-align: left;\"><span style=\"color: #000000;\">En outre, les diff\u00e9rents points de collecte de vos donn\u00e9es peuvent g\u00e9n\u00e9rer des erreurs de saisie (formulaires web, call center, etc\u2026) et rendre vos adresses difficiles \u00e0 exploiter, ayant pour cons\u00e9quence des <strong>plis non distribu\u00e9s (PND)<\/strong>, des campagnes marketing moins efficaces, une baisse de qualit\u00e9 dans la relation avec vos clients.\u00a0<\/span><\/p>\n<p style=\"text-align: left;\"><span style=\"color: #0c71c3;\"><strong>Nos solutions<\/strong><\/span><\/p>\n<p style=\"text-align: left;\"><span style=\"color: #000000;\">Nos solutions sont bas\u00e9es sur<a href=\"https:\/\/www.address-expert.com\/fr\/referentiels-img\"> les <strong>r\u00e9f\u00e9rentiels postaux<\/strong> officiels de +190 pays<\/a> dans le monde, et permettent la <strong>validation, correction, l\u2019identification des erreurs de vos adresses<\/strong>, pour une mise en conformit\u00e9 avec les r\u00e8gles locales.\u00a0<\/span><\/p>\n<p style=\"text-align: left;\"><span style=\"color: #000000;\">Nos outils prennent en compte <a href=\"https:\/\/www.address-expert.com\/fr\/alphabets-img\/\">tout type d&rsquo;alphabets<\/a>\u00a0(romain, cyrillique, kanji\/Katakana, etc\u2026), avec possibilit\u00e9 de translit\u00e9ration d\u2019un alphabet \u00e0 l\u2019autre.\u00a0<\/span><\/p>\n<p style=\"text-align: left;\"><span style=\"color: #0c71c3;\"><strong>Un atout pour vos donn\u00e9es<\/strong><\/span><\/p>\n<p style=\"text-align: left;\"><span style=\"color: #000000; font-size: 16px;\">\u2013 La <\/span><strong style=\"color: #000000; font-size: 16px;\">normalisation postale<\/strong><span style=\"color: #000000; font-size: 16px;\">\u00a0<\/span><strong style=\"color: #000000; font-size: 16px;\">(RNVP)<\/strong><span style=\"color: #000000; font-size: 16px;\"> est la base d\u2019une strat\u00e9gie data de qualit\u00e9, avec une mise \u00e0 jour r\u00e9guli\u00e8re de vos adresses ; en effet, celles-ci sont r\u00e9guli\u00e8rement mises \u00e0 jour par les autorit\u00e9s postales (en France par exemple, plus de 100 000 voies sont cr\u00e9\u00e9s chaque ann\u00e9e),<\/span><\/p>\n<p style=\"text-align: left;\"><span style=\"color: #000000;\">\u2013 La normalisation des adresses postales peut \u00e9galement contribuer \u00e0 am\u00e9liorer la qualit\u00e9 des donn\u00e9es. Lorsque les adresses sont format\u00e9es de mani\u00e8re coh\u00e9rente, cela peut faciliter leur utilisation dans les syst\u00e8mes informatiques, les bases de donn\u00e9es et les applications de gestion des donn\u00e9es. Les traitements sont optimis\u00e9s pour les processus de <strong>d\u00e9duplication et unification des donn\u00e9es<\/strong>, des <strong>enrichissements de donn\u00e9es<\/strong>, et de vos campagnes de communication multicanal,<\/span><\/p>\n<p style=\"text-align: left;\"><span style=\"color: #000000;\">\u2013 Am\u00e9lioration de la relation avec vos clients et prospects et une <strong>image de marque de meilleure qualit\u00e9<\/strong> pour votre entreprise,<\/span><\/p>\n<p style=\"text-align: left;\"><span style=\"color: #000000;\">\u2013\u00a0Lorsque les adresses postales sont normalis\u00e9es, il est plus facile pour les services postaux de localiser et livrer le courrier ou le colis \u00e0 la bonne adresse. Cela peut <strong>r\u00e9duire les erreurs de livraison<\/strong> et les retours \u00e0 l&rsquo;exp\u00e9diteur. <\/span><\/p>\n<p style=\"text-align: left;\"><span style=\"color: #000000;\">\u2013\u00a0La normalisation postale peut aider \u00e0 <strong>r\u00e9duire les co\u00fbts de traitement du courrier et des colis<\/strong>. Lorsque les adresses sont format\u00e9es de mani\u00e8re coh\u00e9rente, cela peut faciliter leur traitement automatis\u00e9, ce qui peut \u00eatre plus efficace et moins co\u00fbteux que le traitement manuel.<\/span><\/p>\n<p style=\"text-align: left;\"><span style=\"color: #000000;\">\u2013 Traitements en mode pr\u00e9ventif pour anticiper les erreurs en amont et les \u00e9viter d\u00e8s la capture de la donn\u00e9e,<\/span><\/p>\n<p style=\"text-align: left;\"><span style=\"color: #000000;\">\u2013 Traitements en mode curatif, permettant de <strong>redresser et corriger les donn\u00e9es<\/strong> existantes dans vos bases de donn\u00e9es.\u00a0<\/span><\/p>\n<p style=\"text-align: left;\"><span style=\"color: #0c71c3;\"><strong>P\u00e9rim\u00e8tre d\u2019intervention<\/strong><\/span><\/p>\n<p style=\"text-align: left;\"><span style=\"color: #000000;\">France\u00a0<\/span><\/p>\n<p style=\"text-align: left;\"><span style=\"color: #000000;\">International (+190 pays dans le monde)<\/span><\/p>\n<p style=\"text-align: left;\"><span style=\"color: #000000;\">Gestion des alphabets locaux (japonais, cyrillique, cor\u00e9en, etc\u2026.)<\/span><\/p>\n<p style=\"text-align: left;\"><span style=\"color: #0c71c3;\"><strong>Mise en \u0153uvre<\/strong><\/span><\/p>\n<p style=\"text-align: left;\"><a href=\"https:\/\/www.address-expert.com\/fr\/solutions\/\">Prestation de service en mode \u00ab Service bureau \u00bb \/ One shot<\/a><\/p>\n<p style=\"text-align: left;\"><a href=\"https:\/\/www.address-expert.com\/fr\/solutions\/\">Saas : automatisation des processus en mode batch<\/a><\/p>\n<p style=\"text-align: left;\"><a href=\"https:\/\/www.address-expert.com\/fr\/solutions\/\">Mode transactionnel \/ web service<\/a><\/p>\n<p style=\"text-align: left;\"><a href=\"https:\/\/www.address-expert.com\/fr\/solutions\/\">Licence \u00e0 installer directement dans vos syst\u00e8mes\u00a0<\/a><\/p>\n<p style=\"text-align: left;\">\n<p style=\"text-align: left;\">\n<p>[\/et_pb_text][et_pb_button button_text=\u00a0\u00bbServices connexes\u00a0\u00bb _builder_version=\u00a0\u00bb4.16&Prime; custom_button=\u00a0\u00bbon\u00a0\u00bb button_text_size=\u00a0\u00bb15px\u00a0\u00bb button_text_color=\u00a0\u00bb#ffffff\u00a0\u00bb button_bg_color=\u00a0\u00bb#15314e\u00a0\u00bb button_bg_color_gradient_direction=\u00a0\u00bb90deg\u00a0\u00bb button_bg_color_gradient_stops=\u00a0\u00bb#ffa727 0%|#FF8A3D 100%\u00a0\u00bb button_bg_color_gradient_start=\u00a0\u00bb#ffa727&Prime; button_bg_color_gradient_end=\u00a0\u00bb#FF8A3D\u00a0\u00bb button_border_width=\u00a0\u00bb0px\u00a0\u00bb button_border_radius=\u00a0\u00bb100px\u00a0\u00bb button_letter_spacing=\u00a0\u00bb5px\u00a0\u00bb button_font=\u00a0\u00bbOpen Sans|700||on|||||\u00a0\u00bb button_use_icon=\u00a0\u00bboff\u00a0\u00bb custom_margin=\u00a0\u00bb||1px|||\u00a0\u00bb custom_padding=\u00a0\u00bb16px|32px|16px|32px|true|true\u00a0\u00bb button_border_radius_hover=\u00a0\u00bb100px\u00a0\u00bb button_letter_spacing_hover=\u00a0\u00bb5px\u00a0\u00bb button_bg_color_hover=\u00a0\u00bb#3980f9&Prime; global_colors_info=\u00a0\u00bb{}\u00a0\u00bb button_text_size__hover_enabled=\u00a0\u00bboff\u00a0\u00bb button_one_text_size__hover_enabled=\u00a0\u00bboff\u00a0\u00bb button_two_text_size__hover_enabled=\u00a0\u00bboff\u00a0\u00bb button_text_color__hover_enabled=\u00a0\u00bboff\u00a0\u00bb button_one_text_color__hover_enabled=\u00a0\u00bboff\u00a0\u00bb button_two_text_color__hover_enabled=\u00a0\u00bboff\u00a0\u00bb button_border_width__hover_enabled=\u00a0\u00bboff\u00a0\u00bb button_one_border_width__hover_enabled=\u00a0\u00bboff\u00a0\u00bb button_two_border_width__hover_enabled=\u00a0\u00bboff\u00a0\u00bb button_border_color__hover_enabled=\u00a0\u00bboff\u00a0\u00bb button_one_border_color__hover_enabled=\u00a0\u00bboff\u00a0\u00bb button_two_border_color__hover_enabled=\u00a0\u00bboff\u00a0\u00bb button_border_radius__hover_enabled=\u00a0\u00bbon\u00a0\u00bb button_border_radius__hover=\u00a0\u00bb100px\u00a0\u00bb button_one_border_radius__hover_enabled=\u00a0\u00bboff\u00a0\u00bb button_two_border_radius__hover_enabled=\u00a0\u00bboff\u00a0\u00bb button_letter_spacing__hover_enabled=\u00a0\u00bbon\u00a0\u00bb button_letter_spacing__hover=\u00a0\u00bb5px\u00a0\u00bb button_one_letter_spacing__hover_enabled=\u00a0\u00bboff\u00a0\u00bb button_two_letter_spacing__hover_enabled=\u00a0\u00bboff\u00a0\u00bb button_bg_color__hover_enabled=\u00a0\u00bbon\u00a0\u00bb button_bg_color__hover=\u00a0\u00bb#3980f9&Prime; button_one_bg_color__hover_enabled=\u00a0\u00bboff\u00a0\u00bb button_two_bg_color__hover_enabled=\u00a0\u00bboff\u00a0\u00bb][\/et_pb_button][et_pb_text _builder_version=\u00a0\u00bb4.16&Prime; text_font=\u00a0\u00bbOpen Sans||||||||\u00a0\u00bb text_font_size=\u00a0\u00bb16px\u00a0\u00bb text_line_height=\u00a0\u00bb1.8em\u00a0\u00bb max_width=\u00a0\u00bb100%\u00a0\u00bb max_width_last_edited=\u00a0\u00bboff|desktop\u00a0\u00bb custom_margin=\u00a0\u00bb|-658px||||\u00a0\u00bb text_font_size_tablet=\u00a0\u00bb16px\u00a0\u00bb text_font_size_phone=\u00a0\u00bb14px\u00a0\u00bb text_font_size_last_edited=\u00a0\u00bbon|phone\u00a0\u00bb global_colors_info=\u00a0\u00bb{}\u00a0\u00bb]<\/p>\n<p>&nbsp;<\/p>\n<ul>\n<li style=\"text-align: left;\"><a href=\"https:\/\/www.address-expert.com\/fr\/traitement-de-standardisation-et-reformatages\/\"><span>Traitement des civilit\u00e9s, reformatage des n\u00b0 de t\u00e9l\u00e9phone \/ fax, v\u00e9rification syntaxe email,<\/span><\/a><\/li>\n<li style=\"text-align: left;\"><a href=\"https:\/\/www.address-expert.com\/fr\/deduplication\/\">D\u00e9duplication \/ D\u00e9doublonnage<\/a><\/li>\n<li style=\"text-align: left;\"><a href=\"https:\/\/www.address-expert.com\/fr\/location-de-fichiers\/\"><span>Listes repoussoirs \/ do-not-mail<\/span><\/a><\/li>\n<li style=\"text-align: left;\"><a href=\"https:\/\/www.address-expert.com\/fr\/demenages\/\">Recherche des d\u00e9m\u00e9nag\u00e9s<\/a><\/li>\n<li style=\"text-align: left;\"><a href=\"https:\/\/www.address-expert.com\/fr\/enrichissements\/\">Enrichissement de donn\u00e9es B2B et B2C<\/a><\/li>\n<\/ul>\n<p>[\/et_pb_text][\/et_pb_column][\/et_pb_row][\/et_pb_section]<\/p>\n<span class=\"et_bloom_bottom_trigger\"><\/span>","protected":false},"excerpt":{"rendered":"<p>NORME POSTALE France et International\u00a0Quels enjeux ? Le libell\u00e9 des adresses est une t\u00e2che ardue et complexe, d\u2019autant plus difficile qu\u2019il n\u2019existe pas de syst\u00e8me unique pour tous les pays. Par ailleurs, les r\u00e9f\u00e9rentiels postaux \u00e9voluent au fil du temps et sont r\u00e9guli\u00e8rement mis \u00e0 jour par les organismes postaux (ex 200 000 changements en [&hellip;]<\/p>\n","protected":false},"author":2,"featured_media":0,"parent":0,"menu_order":0,"comment_status":"closed","ping_status":"closed","template":"","meta":{"_et_pb_use_builder":"on","_et_pb_old_content":"","_et_gb_content_width":"","_monsterinsights_skip_tracking":false,"_monsterinsights_sitenote_active":false,"_monsterinsights_sitenote_note":"","_monsterinsights_sitenote_category":0,"footnotes":""},"class_list":["post-532","page","type-page","status-publish","hentry"],"_links":{"self":[{"href":"https:\/\/www.address-expert.com\/fr\/wp-json\/wp\/v2\/pages\/532","targetHints":{"allow":["GET"]}}],"collection":[{"href":"https:\/\/www.address-expert.com\/fr\/wp-json\/wp\/v2\/pages"}],"about":[{"href":"https:\/\/www.address-expert.com\/fr\/wp-json\/wp\/v2\/types\/page"}],"author":[{"embeddable":true,"href":"https:\/\/www.address-expert.com\/fr\/wp-json\/wp\/v2\/users\/2"}],"replies":[{"embeddable":true,"href":"https:\/\/www.address-expert.com\/fr\/wp-json\/wp\/v2\/comments?post=532"}],"version-history":[{"count":37,"href":"https:\/\/www.address-expert.com\/fr\/wp-json\/wp\/v2\/pages\/532\/revisions"}],"predecessor-version":[{"id":2123,"href":"https:\/\/www.address-expert.com\/fr\/wp-json\/wp\/v2\/pages\/532\/revisions\/2123"}],"wp:attachment":[{"href":"https:\/\/www.address-expert.com\/fr\/wp-json\/wp\/v2\/media?parent=532"}],"curies":[{"name":"wp","href":"https:\/\/api.w.org\/{rel}","templated":true}]}}