{"id":1429,"date":"2020-08-17T14:34:13","date_gmt":"2020-08-17T14:34:13","guid":{"rendered":"https:\/\/www.address-expert.com\/?page_id=1429"},"modified":"2022-02-11T13:12:48","modified_gmt":"2022-02-11T13:12:48","slug":"demenages","status":"publish","type":"page","link":"https:\/\/www.address-expert.com\/fr\/demenages\/","title":{"rendered":"D\u00e9m\u00e9nag\u00e9s"},"content":{"rendered":"\n\n[et_pb_section fb_built=\u00a0\u00bb1&Prime; admin_label=\u00a0\u00bbOur Approach\u00a0\u00bb _builder_version=\u00a0\u00bb3.22&Prime; custom_padding=\u00a0\u00bb124px|||||\u00a0\u00bb global_colors_info=\u00a0\u00bb{}\u00a0\u00bb][et_pb_row column_structure=\u00a0\u00bb1_2,1_2&Prime; _builder_version=\u00a0\u00bb3.27.2&Prime; custom_margin=\u00a0\u00bb|auto|-3px|auto||\u00a0\u00bb custom_padding=\u00a0\u00bb0px|||||\u00a0\u00bb global_colors_info=\u00a0\u00bb{}\u00a0\u00bb][et_pb_column type=\u00a0\u00bb1_2&Prime; _builder_version=\u00a0\u00bb3.25&Prime; custom_padding=\u00a0\u00bb|||\u00a0\u00bb global_colors_info=\u00a0\u00bb{}\u00a0\u00bb custom_padding__hover=\u00a0\u00bb|||\u00a0\u00bb][et_pb_text _builder_version=\u00a0\u00bb4.5.6&Prime; global_colors_info=\u00a0\u00bb{}\u00a0\u00bb]<h1 style=\"text-align: left;\">Traitement des d\u00e9m\u00e9nag\u00e9s<\/h1>[\/et_pb_text][\/et_pb_column][et_pb_column type=\u00a0\u00bb1_2&Prime; _builder_version=\u00a0\u00bb3.27.4&Prime; global_colors_info=\u00a0\u00bb{}\u00a0\u00bb][et_pb_image src=\u00a0\u00bbhttps:\/\/www.address-expert.com\/wp-content\/uploads\/2020\/08\/Image-demenages.png\u00a0\u00bb alt=\u00a0\u00bbTraitement des d\u00e9m\u00e9nag\u00e9s\u00a0\u00bb title_text=\u00a0\u00bbTraitement des d\u00e9m\u00e9nag\u00e9s\u00a0\u00bb _builder_version=\u00a0\u00bb4.8.1&Prime; _module_preset=\u00a0\u00bbdefault\u00a0\u00bb background_color=\u00a0\u00bbrgba(0,0,0,0)\u00a0\u00bb animation_style=\u00a0\u00bbfade\u00a0\u00bb box_shadow_style=\u00a0\u00bbpreset2&Prime; global_colors_info=\u00a0\u00bb{}\u00a0\u00bb src__hover_enabled=\u00a0\u00bboff|desktop\u00a0\u00bb transform_styles__hover_enabled=\u00a0\u00bbon|hover\u00a0\u00bb transform_scale__hover_enabled=\u00a0\u00bbon|hover\u00a0\u00bb transform_translate__hover_enabled=\u00a0\u00bbon|desktop\u00a0\u00bb transform_rotate__hover_enabled=\u00a0\u00bbon|desktop\u00a0\u00bb transform_skew__hover_enabled=\u00a0\u00bbon|desktop\u00a0\u00bb transform_origin__hover_enabled=\u00a0\u00bbon|desktop\u00a0\u00bb transform_scale__hover=\u00a0\u00bb202%|202%\u00a0\u00bb transform_translate__hover=\u00a0\u00bb-145px|4px\u00a0\u00bb background__hover_enabled=\u00a0\u00bbon|desktop\u00a0\u00bb][\/et_pb_image][\/et_pb_column][\/et_pb_row][et_pb_row _builder_version=\u00a0\u00bb4.5.6&Prime; width=\u00a0\u00bb77%\u00a0\u00bb module_alignment=\u00a0\u00bbcenter\u00a0\u00bb custom_margin=\u00a0\u00bb|auto||411px||\u00a0\u00bb custom_padding=\u00a0\u00bb0px|||0px||\u00a0\u00bb global_colors_info=\u00a0\u00bb{}\u00a0\u00bb][et_pb_column type=\u00a0\u00bb4_4&Prime; _builder_version=\u00a0\u00bb3.25&Prime; custom_padding=\u00a0\u00bb|||\u00a0\u00bb global_colors_info=\u00a0\u00bb{}\u00a0\u00bb custom_padding__hover=\u00a0\u00bb|||\u00a0\u00bb][et_pb_text _builder_version=\u00a0\u00bb4.14.7&Prime; text_font=\u00a0\u00bbOpen Sans||||||||\u00a0\u00bb text_font_size=\u00a0\u00bb16px\u00a0\u00bb text_line_height=\u00a0\u00bb1.8em\u00a0\u00bb max_width=\u00a0\u00bb100%\u00a0\u00bb max_width_last_edited=\u00a0\u00bboff|desktop\u00a0\u00bb custom_margin=\u00a0\u00bb|-658px||||\u00a0\u00bb custom_padding=\u00a0\u00bb97px|0px||||\u00a0\u00bb hover_enabled=\u00a0\u00bb0&Prime; text_font_size_tablet=\u00a0\u00bb16px\u00a0\u00bb text_font_size_phone=\u00a0\u00bb14px\u00a0\u00bb text_font_size_last_edited=\u00a0\u00bbon|phone\u00a0\u00bb global_colors_info=\u00a0\u00bb{}\u00a0\u00bb sticky_enabled=\u00a0\u00bb0&Prime;]<p style=\"text-align: left;\"><strong style=\"color: #0c71c3; font-size: 16px;\">Quels enjeux ?<\/strong><\/p>\n<p style=\"text-align: left;\"><span style=\"color: #000000;\">Chaque ann\u00e9e, ce sont trois millions de Fran\u00e7ais de tous \u00e2ges et de toutes origines sociales qui choisissent de d\u00e9m\u00e9nager, ce qui repr\u00e9sente environ 10 % des m\u00e9nages.\nBien que l\u00e9g\u00e8rement sup\u00e9rieure \u00e0 la France, la tendance reste similaire chez nos voisins \u00e0 travers l\u2019Europe.\nLes raisons qui poussent les individus \u00e0 d\u00e9m\u00e9nager sont dans la majorit\u00e9 des cas mues par un \u00e9v\u00e9nement familial comme un mariage, une naissance, un divorce ou bien encore un d\u00e9c\u00e8s, qui provoque la d\u00e9cision de d\u00e9m\u00e9nager \u2013 ainsi, tout au long d\u2019une vie, nous sommes amen\u00e9s \u00e0 d\u00e9m\u00e9nager en moyenne un peu plus de quatre fois.<\/span><span style=\"color: #000000;\">\n<\/span><\/p>\n<p style=\"text-align: left;\"><span style=\"color: #000000;\">Diff\u00e9rentes \u00e9tudes ont montr\u00e9 que la probabilit\u00e9 de changer de logement diminue avec l\u2019\u00e2ge de la personne de r\u00e9f\u00e9rence du foyer initial. Ainsi, pr\u00e8s d\u2019un tiers des d\u00e9m\u00e9nagements concernent les personnes de moins de 35 ans. En outre, les m\u00e9nages les plus modestes et les plus jeunes sont les plus mobiles.<\/span><\/p>\n<p style=\"text-align: left;\"><span style=\"color: #000000;\">Qu\u2019en est-il des entreprises ? Elles aussi peuvent \u00eatre amen\u00e9es \u00e0 changer de site, en particulier pour les grandes entreprises, pour lesquelles le taux de d\u00e9m\u00e9nagement est en g\u00e9n\u00e9ral plus \u00e9lev\u00e9 que pour les PME\/PMI.\nLes raisons qui vont pousser les entreprises \u00e0 d\u00e9m\u00e9nager sont bien s\u00fbr le besoin d\u2019agrandissement, mais \u00e9galement la volont\u00e9 de minimiser les co\u00fbts fixes (taxes, mise aux normes des locaux, etc\u2026), ou encore l\u2019\u00e9tablissement de partenariats, ou encore la recherche d\u2019un meilleur cadre de travail ou d\u2019un prestige de localisation.<\/span>travail ou d\u2019un prestige de localisation.<\/p>\n<p style=\"text-align: left;\"><span style=\"color: #0c71c3;\"><strong>Nos solutions<\/strong><\/span><\/p>\n<p style=\"text-align: left;\"><span style=\"color: #000000;\">Parmi notre gamme de services <strong>d\u2019enrichissements sur vos donn\u00e9es B2C sur la France et l\u2019international<\/strong>, qui seront auparavant optimis\u00e9es gr\u00e2ce \u00e0 la <Strong>restructuration et l\u2019harmonisation<\/strong> de vos donn\u00e9es effectu\u00e9es en amont, nous pourrons vous proposer <strong>l\u2019identification des d\u00e9m\u00e9nag\u00e9s<\/strong>, avec un enrichissement de la nouvelle adresse lorsqu\u2019elle est disponible, et parfois \u00e9galement l\u2019identification des personnes d\u00e9c\u00e9d\u00e9es via les Bases d\u00e9m\u00e9nag\u00e9s maintenues par les postes locales de plus de 12 pays \u00e0 travers le monde (ex : Allemagne, UK, Pays-Bas, Belgique, Suisse, Canada\u2026).<\/span><\/p>\n<p style=\"text-align: left;\"><span style=\"color: #000000;\">Cette d\u00e9marche existe \u00e9galement au niveau des <strong>donn\u00e9es B2B<\/strong>, permettant d\u2019identifier les entreprises ayant d\u00e9m\u00e9nag\u00e9s, ou ayant cess\u00e9 leur activit\u00e9, avec topage des liquidations ou redressements judiciaires.<\/span><\/p>\n<p style=\"text-align: left;\"><span style=\"color: #0c71c3;\"><strong>Un atout pour vos donn\u00e9es<\/strong><\/span><\/p>\n<p style=\"text-align: left;\"><span style=\"color: #000000;\"><strong>L\u2019identification des contacts ayant d\u00e9m\u00e9nag\u00e9s<\/strong>, que ce soit pour des <strong>donn\u00e9es B2C ou B2B<\/strong>, permettra en premier lieu de r\u00e9duire le co\u00fbt de vos <strong>plis non-distribu\u00e9s (PND)<\/strong> en topant et supprimant les anciennes adresses. <\/span><\/p>\n<p style=\"text-align: left;\"><span style=\"color: #000000;\">Gr\u00e2ce \u00e0 <strong>l\u2019enrichissement de la nouvelle adresse<\/strong>, lorsqu\u2019elle est disponible, ce traitement permettra en second lieu de garder le contact avec vos clients et prospects, ainsi que de r\u00e9cup\u00e9rer le chiffre d\u2019affaires potentiel associ\u00e9. <\/span><\/p>\n<p style=\"text-align: left;\"><span style=\"color: #000000;\">Quant aux informations relatives \u00e0 la sant\u00e9 financi\u00e8re d\u2019une entreprise, elles vous permettront de prendre de meilleures d\u00e9cisions quant \u00e0 leur solidit\u00e9 et \u00e0 la p\u00e9rennit\u00e9 de votre relation commerciale, en identifiant et \u00e9cartant les soci\u00e9t\u00e9s repr\u00e9sentant un risque du fait d\u2019un statut en liquidation ou cessation d\u2019activit\u00e9.<\/span><\/p>\n<p style=\"text-align: left;\"><span style=\"color: #0c71c3;\"><strong>P\u00e9rim\u00e8tre d\u2019intervention<\/strong><\/span><\/p>\n<p style=\"text-align: left;\"><span style=\"color: #000000;\">France<\/span><\/p>\n<p style=\"text-align: left;\"><span style=\"color: #000000;\">Europe et international (plus de 12 pays dans le monde)<\/span><\/p>\n<p style=\"text-align: left;\"><span style=\"color: #0c71c3;\"><strong>Mise en \u0153uvre <\/strong><\/span><\/p>\n<p style=\"text-align: left;\"><a href=\"https:\/\/www.address-expert.com\/fr\/solutions\/\">Prestation de service en mode \u00ab Service bureau \u00bb \/ One shot<\/a><\/p>\n<p style=\"text-align: left;\"><a href=\"https:\/\/www.address-expert.com\/fr\/solutions\/\">Saas : automatisation des processus en mode batch<\/a><\/p>\n<p style=\"text-align: left;\"><\/p>[\/et_pb_text][et_pb_button button_text=\u00a0\u00bbServices connexes\u00a0\u00bb _builder_version=\u00a0\u00bb3.27.2&Prime; custom_button=\u00a0\u00bbon\u00a0\u00bb button_text_size=\u00a0\u00bb15px\u00a0\u00bb button_text_color=\u00a0\u00bb#ffffff\u00a0\u00bb button_bg_color=\u00a0\u00bb#15314e\u00a0\u00bb button_bg_color_gradient_start=\u00a0\u00bb#ffa727&Prime; button_bg_color_gradient_end=\u00a0\u00bb#FF8A3D\u00a0\u00bb button_bg_color_gradient_direction=\u00a0\u00bb90deg\u00a0\u00bb button_border_width=\u00a0\u00bb0px\u00a0\u00bb button_border_radius=\u00a0\u00bb100px\u00a0\u00bb button_letter_spacing=\u00a0\u00bb5px\u00a0\u00bb button_font=\u00a0\u00bbOpen Sans|700||on|||||\u00a0\u00bb button_use_icon=\u00a0\u00bboff\u00a0\u00bb custom_margin=\u00a0\u00bb||1px|||\u00a0\u00bb custom_padding=\u00a0\u00bb16px|32px|16px|32px|true|true\u00a0\u00bb button_border_radius_hover=\u00a0\u00bb100px\u00a0\u00bb button_letter_spacing_hover=\u00a0\u00bb5px\u00a0\u00bb button_bg_color_hover=\u00a0\u00bb#3980f9&Prime; global_colors_info=\u00a0\u00bb{}\u00a0\u00bb button_text_size__hover_enabled=\u00a0\u00bboff\u00a0\u00bb button_one_text_size__hover_enabled=\u00a0\u00bboff\u00a0\u00bb button_two_text_size__hover_enabled=\u00a0\u00bboff\u00a0\u00bb button_text_color__hover_enabled=\u00a0\u00bboff\u00a0\u00bb button_one_text_color__hover_enabled=\u00a0\u00bboff\u00a0\u00bb button_two_text_color__hover_enabled=\u00a0\u00bboff\u00a0\u00bb button_border_width__hover_enabled=\u00a0\u00bboff\u00a0\u00bb button_one_border_width__hover_enabled=\u00a0\u00bboff\u00a0\u00bb button_two_border_width__hover_enabled=\u00a0\u00bboff\u00a0\u00bb button_border_color__hover_enabled=\u00a0\u00bboff\u00a0\u00bb button_one_border_color__hover_enabled=\u00a0\u00bboff\u00a0\u00bb button_two_border_color__hover_enabled=\u00a0\u00bboff\u00a0\u00bb button_border_radius__hover_enabled=\u00a0\u00bbon\u00a0\u00bb button_border_radius__hover=\u00a0\u00bb100px\u00a0\u00bb button_one_border_radius__hover_enabled=\u00a0\u00bboff\u00a0\u00bb button_two_border_radius__hover_enabled=\u00a0\u00bboff\u00a0\u00bb button_letter_spacing__hover_enabled=\u00a0\u00bbon\u00a0\u00bb button_letter_spacing__hover=\u00a0\u00bb5px\u00a0\u00bb button_one_letter_spacing__hover_enabled=\u00a0\u00bboff\u00a0\u00bb button_two_letter_spacing__hover_enabled=\u00a0\u00bboff\u00a0\u00bb button_bg_color__hover_enabled=\u00a0\u00bbon\u00a0\u00bb button_bg_color__hover=\u00a0\u00bb#3980f9&Prime; button_one_bg_color__hover_enabled=\u00a0\u00bboff\u00a0\u00bb button_two_bg_color__hover_enabled=\u00a0\u00bboff\u00a0\u00bb][\/et_pb_button][et_pb_text _builder_version=\u00a0\u00bb4.6.5&Prime; text_font=\u00a0\u00bbOpen Sans||||||||\u00a0\u00bb text_font_size=\u00a0\u00bb16px\u00a0\u00bb text_line_height=\u00a0\u00bb1.8em\u00a0\u00bb max_width=\u00a0\u00bb100%\u00a0\u00bb max_width_last_edited=\u00a0\u00bboff|desktop\u00a0\u00bb min_height=\u00a0\u00bb83px\u00a0\u00bb custom_margin=\u00a0\u00bb|-658px||||\u00a0\u00bb custom_padding=\u00a0\u00bb||0px|||\u00a0\u00bb text_font_size_tablet=\u00a0\u00bb16px\u00a0\u00bb text_font_size_phone=\u00a0\u00bb14px\u00a0\u00bb text_font_size_last_edited=\u00a0\u00bbon|phone\u00a0\u00bb global_colors_info=\u00a0\u00bb{}\u00a0\u00bb]<p><span style=\"font-size: 16px;\">\u00a0<\/span><\/p>\n<ul>\n<li style=\"text-align: left;\"><a href=\"https:\/\/www.address-expert.com\/fr\/norme-postale\/\">Normalisation postale<\/a><\/li>\n<li style=\"text-align: left;\"><span><\/span><a href=\"https:\/\/www.address-expert.com\/fr\/traitement-de-standardisation-et-reformatages\/\"><span>Traitement des civilit\u00e9s, reformatage des n\u00b0 de t\u00e9l\u00e9phone \/ fax, v\u00e9rification syntaxe email<\/span><\/a><\/li>\n<li style=\"text-align: left;\"><a href=\"https:\/\/www.address-expert.com\/fr\/deduplication\/\">D\u00e9duplication\/d\u00e9doublonnage\u00a0<\/a><\/li>\n<li style=\"text-align: left;\"><a href=\"https:\/\/www.address-expert.com\/fr\/location-de-fichiers\/\"><span>Listes repoussoirs \/ do-not-mail<\/span><\/a><\/li>\n<li style=\"text-align: left;\"><a href=\"https:\/\/www.address-expert.com\/fr\/enrichissements\/\"><span>Enrichissement de donn\u00e9es B2B et B2C<\/span><\/a><\/li>\n<\/ul>[\/et_pb_text][\/et_pb_column][\/et_pb_row][\/et_pb_section]\n\n<span class=\"et_bloom_bottom_trigger\"><\/span>","protected":false},"excerpt":{"rendered":"<p>Traitement des d\u00e9m\u00e9nag\u00e9sQuels enjeux ? Chaque ann\u00e9e, ce sont trois millions de Fran\u00e7ais de tous \u00e2ges et de toutes origines sociales qui choisissent de d\u00e9m\u00e9nager, ce qui repr\u00e9sente environ 10 % des m\u00e9nages. Bien que l\u00e9g\u00e8rement sup\u00e9rieure \u00e0 la France, la tendance reste similaire chez nos voisins \u00e0 travers l\u2019Europe. Les raisons qui poussent les [&hellip;]<\/p>\n","protected":false},"author":2,"featured_media":0,"parent":0,"menu_order":0,"comment_status":"closed","ping_status":"closed","template":"","meta":{"_et_pb_use_builder":"on","_et_pb_old_content":"","_et_gb_content_width":"","_monsterinsights_skip_tracking":false,"_monsterinsights_sitenote_active":false,"_monsterinsights_sitenote_note":"","_monsterinsights_sitenote_category":0,"footnotes":""},"class_list":["post-1429","page","type-page","status-publish","hentry"],"_links":{"self":[{"href":"https:\/\/www.address-expert.com\/fr\/wp-json\/wp\/v2\/pages\/1429","targetHints":{"allow":["GET"]}}],"collection":[{"href":"https:\/\/www.address-expert.com\/fr\/wp-json\/wp\/v2\/pages"}],"about":[{"href":"https:\/\/www.address-expert.com\/fr\/wp-json\/wp\/v2\/types\/page"}],"author":[{"embeddable":true,"href":"https:\/\/www.address-expert.com\/fr\/wp-json\/wp\/v2\/users\/2"}],"replies":[{"embeddable":true,"href":"https:\/\/www.address-expert.com\/fr\/wp-json\/wp\/v2\/comments?post=1429"}],"version-history":[{"count":46,"href":"https:\/\/www.address-expert.com\/fr\/wp-json\/wp\/v2\/pages\/1429\/revisions"}],"predecessor-version":[{"id":2112,"href":"https:\/\/www.address-expert.com\/fr\/wp-json\/wp\/v2\/pages\/1429\/revisions\/2112"}],"wp:attachment":[{"href":"https:\/\/www.address-expert.com\/fr\/wp-json\/wp\/v2\/media?parent=1429"}],"curies":[{"name":"wp","href":"https:\/\/api.w.org\/{rel}","templated":true}]}}