{"id":124,"date":"2019-08-21T11:21:10","date_gmt":"2019-08-21T11:21:10","guid":{"rendered":"https:\/\/www.address-expert.com\/?page_id=124"},"modified":"2022-02-11T13:49:24","modified_gmt":"2022-02-11T13:49:24","slug":"societe","status":"publish","type":"page","link":"https:\/\/www.address-expert.com\/fr\/societe\/","title":{"rendered":"Qui sommes nous ?"},"content":{"rendered":"\n[et_pb_section fb_built=\u00a0\u00bb1&Prime; admin_label=\u00a0\u00bbOur Approach\u00a0\u00bb _builder_version=\u00a0\u00bb3.22&Prime; global_colors_info=\u00a0\u00bb{}\u00a0\u00bb][et_pb_row column_structure=\u00a0\u00bb1_2,1_2&Prime; _builder_version=\u00a0\u00bb3.25&Prime; global_colors_info=\u00a0\u00bb{}\u00a0\u00bb][et_pb_column type=\u00a0\u00bb1_2&Prime; _builder_version=\u00a0\u00bb3.25&Prime; custom_padding=\u00a0\u00bb|||\u00a0\u00bb global_colors_info=\u00a0\u00bb{}\u00a0\u00bb custom_padding__hover=\u00a0\u00bb|||\u00a0\u00bb][et_pb_text _builder_version=\u00a0\u00bb4.5.6&Prime; text_line_height=\u00a0\u00bb1.5em\u00a0\u00bb text_font_size_tablet=\u00a0\u00bb\u00a0\u00bb text_font_size_phone=\u00a0\u00bb50px\u00a0\u00bb text_font_size_last_edited=\u00a0\u00bbon|phone\u00a0\u00bb global_colors_info=\u00a0\u00bb{}\u00a0\u00bb]<h1 style=\"text-align: left;\">Qui sommes nous ?<\/h1>[\/et_pb_text][et_pb_text _builder_version=\u00a0\u00bb4.6.5&Prime; custom_padding=\u00a0\u00bb73px|||||\u00a0\u00bb global_colors_info=\u00a0\u00bb{}\u00a0\u00bb]<h1 style=\"text-align: left;\"><span style=\"font-size: large; font-family: inherit; font-weight: normal;\">Pr\u00e9curseur d\u00e8s les ann\u00e9es 1990 dans la gestion de la\u00a0<a href=\"https:\/\/www.address-expert.com\/fr\/dataquality\/\"><strong>qualit\u00e9 de la donn\u00e9e<\/strong><\/a>, nous proposons <strong>une<\/strong>\u00a0<strong>gamme compl\u00e8te de prestations en <span style=\"text-decoration: underline; color: #0c71c3;\"><a href=\"https:\/\/www.address-expert.com\/fr\/enrichissement-b2b\/\" style=\"color: #0c71c3; text-decoration: underline;\">B2B<\/a><\/span> et <a href=\"https:\/\/www.address-expert.com\/fr\/enrichissement-b2c\/\"><span style=\"text-decoration: underline;\"><span style=\"color: #0c71c3; text-decoration: underline;\">B2C<\/span><\/span><\/a> en France et \u00e0 l&rsquo;international (+190 pays)<\/strong><\/span><\/h1>[\/et_pb_text][\/et_pb_column][et_pb_column type=\u00a0\u00bb1_2&Prime; _builder_version=\u00a0\u00bb3.25&Prime; custom_padding=\u00a0\u00bb|||\u00a0\u00bb global_colors_info=\u00a0\u00bb{}\u00a0\u00bb custom_padding__hover=\u00a0\u00bb|||\u00a0\u00bb][et_pb_image src=\u00a0\u00bbhttps:\/\/www.address-expert.com\/wp-content\/uploads\/2020\/05\/multi-culturel1.jpg\u00a0\u00bb alt=\u00a0\u00bbQui sommes nous ?\u00a0\u00bb title_text=\u00a0\u00bbmulti-culturel1&Prime; _builder_version=\u00a0\u00bb4.4.6&Prime; box_shadow_style=\u00a0\u00bbpreset2&Prime; global_colors_info=\u00a0\u00bb{}\u00a0\u00bb][\/et_pb_image][\/et_pb_column][\/et_pb_row][et_pb_row _builder_version=\u00a0\u00bb3.25&Prime; global_colors_info=\u00a0\u00bb{}\u00a0\u00bb][et_pb_column type=\u00a0\u00bb4_4&Prime; _builder_version=\u00a0\u00bb3.25&Prime; custom_padding=\u00a0\u00bb|||\u00a0\u00bb global_colors_info=\u00a0\u00bb{}\u00a0\u00bb custom_padding__hover=\u00a0\u00bb|||\u00a0\u00bb][et_pb_text _builder_version=\u00a0\u00bb4.14.7&Prime; text_font=\u00a0\u00bbOpen Sans||||||||\u00a0\u00bb text_font_size=\u00a0\u00bb16px\u00a0\u00bb text_line_height=\u00a0\u00bb1.8em\u00a0\u00bb max_width_last_edited=\u00a0\u00bboff|desktop\u00a0\u00bb min_height=\u00a0\u00bb244px\u00a0\u00bb custom_margin=\u00a0\u00bb||10px|||\u00a0\u00bb hover_enabled=\u00a0\u00bb0&Prime; text_font_size_tablet=\u00a0\u00bb16px\u00a0\u00bb text_font_size_phone=\u00a0\u00bb14px\u00a0\u00bb text_font_size_last_edited=\u00a0\u00bbon|phone\u00a0\u00bb global_colors_info=\u00a0\u00bb{}\u00a0\u00bb sticky_enabled=\u00a0\u00bb0&Prime;]<p style=\"text-align: left;\"><span style=\"color: #000000;\">Les principaux dirigeants d\u2019<strong>Address-Expert<\/strong> ont \u0153uvr\u00e9 depuis plus de 20 ans dans le monde de la <strong>prestation de service en France et plus pr\u00e9cis\u00e9ment \u00e0 l\u2019International<\/strong>.<\/span><\/p>\n<p style=\"text-align: left;\"><span style=\"color: #000000;\"><strong>Address-Expert<\/strong> met \u00e0 votre disposition une solide <strong>expertise Data Quality<\/strong> et des moyens techniques 24h\/24 et 7j\/7.<\/span><\/p>\n<p style=\"text-align: left;\"><span style=\"color: #000000;\"><strong>Address-Expert<\/strong> s\u2019entoure d\u2019un r\u00e9seau de partenaires \u00e0 travers le monde et est \u00e9galement affili\u00e9 au <span style=\"color: #0c71c3;\"><a href=\"https:\/\/www.sncd.org\" style=\"color: #0c71c3;\" target=\"_blank\" rel=\"noopener noreferrer\"><strong>SNCD<\/strong> (Syndicat National de la Communication Directe)<\/a><\/span> et en adh\u00e9sion crois\u00e9e, \u00e0 la <span style=\"color: #0c71c3;\"><a href=\"https:\/\/dma.org.uk\" style=\"color: #0c71c3;\" target=\"_blank\" rel=\"noopener noreferrer\"><strong>DMA<\/strong> (Direct Marketing Association)<\/a><\/span> ainsi qu\u2019\u00e0 l&rsquo;<a href=\"https:\/\/associationmarketingquebec.ca\" style=\"color: #000000;\" target=\"_blank\" rel=\"noopener noreferrer\"><strong><span style=\"color: #0c71c3;\">AMRQ<\/span><\/strong><span style=\"color: #0c71c3;\"> (Association du Marketing Relationnel du Qu\u00e9bec)<\/span>.<\/a><\/span><\/p>\n<p style=\"text-align: left;\"><span style=\"color: #000000;\">Depuis le d\u00e9but de notre activit\u00e9, nous travaillons en coop\u00e9ration avec de nombreux acteurs \u00e9conomiques \u00ab majeurs \u00bb (annonceurs, agences et prestataires) dans les secteurs d\u2019activit\u00e9 vari\u00e9s :<\/span><br \/><span style=\"color: #000000;\"> <strong>Luxe &#8211; Grande distribution &#8211; Soci\u00e9t\u00e9s de VPC &#8211; Tourisme &#8211; Industrie automobile &#8211; Banques <\/strong><\/span><br \/><span style=\"color: #000000;\"> <strong>Agences de communication &#8211; Assurances &#8211; Laboratoires pharmaceutiques &#8211; Edition \/ Presse <\/strong><\/span><br \/><span style=\"color: #000000;\"> <strong>Organisateurs de salons- Institutions &#8211; Administrations et collectivit\u00e9s &#8211; Associations caritatives<\/strong><\/span><\/p>[\/et_pb_text][\/et_pb_column][\/et_pb_row][\/et_pb_section]\n<span class=\"et_bloom_bottom_trigger\"><\/span>","protected":false},"excerpt":{"rendered":"<p>Qui sommes nous ?Pr\u00e9curseur d\u00e8s les ann\u00e9es 1990 dans la gestion de la\u00a0qualit\u00e9 de la donn\u00e9e, nous proposons une\u00a0gamme compl\u00e8te de prestations en B2B et B2C en France et \u00e0 l&rsquo;international (+190 pays)Les principaux dirigeants d\u2019Address-Expert ont \u0153uvr\u00e9 depuis plus de 20 ans dans le monde de la prestation de service en France et plus [&hellip;]<\/p>\n","protected":false},"author":2,"featured_media":0,"parent":0,"menu_order":0,"comment_status":"closed","ping_status":"closed","template":"","meta":{"_et_pb_use_builder":"on","_et_pb_old_content":"","_et_gb_content_width":"","_monsterinsights_skip_tracking":false,"_monsterinsights_sitenote_active":false,"_monsterinsights_sitenote_note":"","_monsterinsights_sitenote_category":0,"footnotes":""},"class_list":["post-124","page","type-page","status-publish","hentry"],"_links":{"self":[{"href":"https:\/\/www.address-expert.com\/fr\/wp-json\/wp\/v2\/pages\/124","targetHints":{"allow":["GET"]}}],"collection":[{"href":"https:\/\/www.address-expert.com\/fr\/wp-json\/wp\/v2\/pages"}],"about":[{"href":"https:\/\/www.address-expert.com\/fr\/wp-json\/wp\/v2\/types\/page"}],"author":[{"embeddable":true,"href":"https:\/\/www.address-expert.com\/fr\/wp-json\/wp\/v2\/users\/2"}],"replies":[{"embeddable":true,"href":"https:\/\/www.address-expert.com\/fr\/wp-json\/wp\/v2\/comments?post=124"}],"version-history":[{"count":32,"href":"https:\/\/www.address-expert.com\/fr\/wp-json\/wp\/v2\/pages\/124\/revisions"}],"predecessor-version":[{"id":2068,"href":"https:\/\/www.address-expert.com\/fr\/wp-json\/wp\/v2\/pages\/124\/revisions\/2068"}],"wp:attachment":[{"href":"https:\/\/www.address-expert.com\/fr\/wp-json\/wp\/v2\/media?parent=124"}],"curies":[{"name":"wp","href":"https:\/\/api.w.org\/{rel}","templated":true}]}}