{"id":331,"date":"2019-09-02T08:39:41","date_gmt":"2019-09-02T08:39:41","guid":{"rendered":"https:\/\/www.address-expert.com\/politique-de-cookie\/"},"modified":"2022-02-11T13:41:36","modified_gmt":"2022-02-11T13:41:36","slug":"politique-de-cookie","status":"publish","type":"page","link":"https:\/\/www.address-expert.com\/en\/politique-de-cookie\/","title":{"rendered":"Politique de cookie"},"content":{"rendered":"\n[et_pb_section fb_built=\u00a0\u00bb1&Prime; admin_label=\u00a0\u00bbOur Approach\u00a0\u00bb _builder_version=\u00a0\u00bb3.22&Prime; min_height=\u00a0\u00bb4753px\u00a0\u00bb custom_margin=\u00a0\u00bb||-1px|||\u00a0\u00bb][et_pb_row column_structure=\u00a0\u00bb1_2,1_2&Prime; _builder_version=\u00a0\u00bb3.27.2&Prime;][et_pb_column type=\u00a0\u00bb1_2&Prime; _builder_version=\u00a0\u00bb3.25&Prime; custom_padding=\u00a0\u00bb|||\u00a0\u00bb custom_padding__hover=\u00a0\u00bb|||\u00a0\u00bb][et_pb_text _builder_version=\u00a0\u00bb4.4.8&Prime;]<h2 style=\"text-align: left;\">Politique de confidentialit\u00e9 (Cookie et RGPD)<\/h2>[\/et_pb_text][\/et_pb_column][et_pb_column type=\u00a0\u00bb1_2&Prime; _builder_version=\u00a0\u00bb3.25&Prime; custom_padding=\u00a0\u00bb|||\u00a0\u00bb custom_padding__hover=\u00a0\u00bb|||\u00a0\u00bb][et_pb_image src=\u00a0\u00bbhttps:\/\/www.address-expert.com\/wp-content\/uploads\/2019\/09\/rgpd.jpg\u00a0\u00bb _builder_version=\u00a0\u00bb3.27.4&Prime; animation_style=\u00a0\u00bbfold\u00a0\u00bb box_shadow_style=\u00a0\u00bbpreset2&Prime;][\/et_pb_image][\/et_pb_column][\/et_pb_row][et_pb_row _builder_version=\u00a0\u00bb3.27.2&Prime;][et_pb_column type=\u00a0\u00bb4_4&Prime; _builder_version=\u00a0\u00bb3.25&Prime; custom_padding=\u00a0\u00bb|||\u00a0\u00bb custom_padding__hover=\u00a0\u00bb|||\u00a0\u00bb][et_pb_text _builder_version=\u00a0\u00bb4.6.5&Prime; text_font=\u00a0\u00bbOpen Sans||||||||\u00a0\u00bb text_font_size=\u00a0\u00bb16px\u00a0\u00bb text_line_height=\u00a0\u00bb1.8em\u00a0\u00bb max_width=\u00a0\u00bb100%\u00a0\u00bb max_width_last_edited=\u00a0\u00bboff|desktop\u00a0\u00bb custom_margin=\u00a0\u00bb|-658px||||\u00a0\u00bb hover_enabled=\u00a0\u00bb0&Prime; text_font_size_tablet=\u00a0\u00bb16px\u00a0\u00bb text_font_size_phone=\u00a0\u00bb14px\u00a0\u00bb text_font_size_last_edited=\u00a0\u00bbon|phone\u00a0\u00bb sticky_enabled=\u00a0\u00bb0&Prime;]<h1 style=\"text-align: left;\"><strong>Politique relative \u00e0 l\u2019utilisation des cookies<\/strong><\/h1>\n<p style=\"text-align: left;\"><span style=\"color: #000000;\"><strong>Introduction<\/strong><\/span><\/p>\n<p style=\"text-align: left;\"><span style=\"color: #000000;\"><strong>Address-Expert<\/strong> est engag\u00e9 \u00e0 <strong>prot\u00e9ger<\/strong> <strong>votre<\/strong> <strong>confidentialit\u00e9<\/strong>. Notre objectif est de proposer des produits et des services dignes de confiance et \u00e0 la pointe de l\u2019industrie pour que vous puissiez vous concentrer sur l\u2019\u00e9tablissement de connexions significatives. Notre approche de la confidentialit\u00e9 consiste \u00e0 vous livrer des informations claires sur nos pratiques en mati\u00e8re de donn\u00e9es. C\u2019est pourquoi nous avons essay\u00e9 de maintenir le jargon l\u00e9gal et technique \u00e0 son minimum.<\/span><\/p>\n<p style=\"text-align: left;\"><span style=\"color: #000000;\">La pr\u00e9sente Politique relative \u00e0 l\u2019utilisation des cookies explique ce que sont les cookies, le type de cookies qui sont plac\u00e9s sur votre p\u00e9riph\u00e9rique lorsque vous visitez notre site Internet et comment nous les utilisons.<\/span><\/p>\n<p style=\"text-align: left;\"><span style=\"color: #000000;\">La pr\u00e9sente Politique relative \u00e0 l\u2019utilisation des cookies ne traite pas de la fa\u00e7on dont nous manipulons vos informations personnelles en g\u00e9n\u00e9ral. Pour en apprendre davantage sur la fa\u00e7on dont nous traitons vos informations personnelles, veuillez consulter notre Politique de confidentialit\u00e9.<\/span><\/p>\n<p style=\"text-align: left;\"><span style=\"color: #000000;\"><strong>Que sont les cookies\u00a0?<\/strong><\/span><\/p>\n<p style=\"text-align: left;\"><span style=\"color: #000000;\">Les cookies sont de petits fichiers texte envoy\u00e9s \u00e0 ou auxquels vous acc\u00e9dez depuis votre navigateur web ou la m\u00e9moire de votre\u00a0 p\u00e9riph\u00e9rique.\u00a0 Un cookie contient g\u00e9n\u00e9ralement le nom du domaine (l\u2019emplacement Internet) d\u2019o\u00f9 provient le cookie, la \u00ab\u00a0dur\u00e9e de vie\u00a0\u00bb du cookie (c.-\u00e0-d., quand il expire) et un num\u00e9ro unique g\u00e9n\u00e9r\u00e9 al\u00e9atoirement ou un identifiant similaire. Un cookie peut \u00e9galement contenir des informations sur votre p\u00e9riph\u00e9rique, telles que les param\u00e8tres de l\u2019utilisateur, l\u2019historique de navigation et les activit\u00e9s men\u00e9es pendant l\u2019utilisation de nos services.<\/span><\/p>\n<p style=\"text-align: left;\"><span style=\"color: #000000;\"><strong>Existe-t\u2019il diff\u00e9rents types de cookie\u00a0?<\/strong><\/span><\/p>\n<p style=\"text-align: left;\"><span style=\"color: #000000;\"><em>Les cookies propri\u00e9taires et tiers<\/em><\/span><\/p>\n<p style=\"text-align: left;\"><span style=\"color: #000000;\">Il existe des cookies propri\u00e9taires et des cookies tiers. Les cookies propri\u00e9taires sont plac\u00e9s sur votre p\u00e9riph\u00e9riques directement par nous. Par exemple, nous utilisons des cookies propri\u00e9taires pour adapter notre site Internet aux pr\u00e9f\u00e9rences linguistiques de votre navigateur et pour mieux comprendre l\u2019utilisation que vous faites de notre site Internet. Les cookies tiers sont plac\u00e9s sur votre p\u00e9riph\u00e9rique par nos partenaires et nos prestataires de service. Par exemple, nous utilisons des cookies tiers pour mesurer le nombre d\u2019utilisateurs sur notre site Internet ou pour vous permettre de partager du contenu avec les autres sur les plateformes de m\u00e9dias sociaux.<\/span><\/p>\n<p style=\"text-align: left;\"><span style=\"color: #000000;\"><em>Cookies de session et cookies persistants<\/em><\/span><\/p>\n<p style=\"text-align: left;\"><span style=\"color: #000000;\">Il existe des cookies de session et des cookies persistants. Les cookies de session ne durent que jusqu\u2019\u00e0 la fermeture de votre navigateur. Nous utilisons des cookies pour diverses raisons, y compris pour en apprendre davantage sur l\u2019utilisation que vous faites de notre site Internet pendant une session de navigation unique et pour vous aider \u00e0 utiliser notre site Internet plus efficacement. Les cookies persistants ont une dur\u00e9e de vie plus longue et ne sont pas automatiquement supprim\u00e9s lorsque vous fermez votre navigateur. Ces types de cookies sont principalement utilis\u00e9s pour vous aider \u00e0 vous identifier \u00e0 nouveau sur notre site Internet et \u00e0 des fins d\u2019analyse.<\/span><\/p>\n<p style=\"text-align: left;\"><span style=\"color: #000000;\"><strong>Qu\u2019en est-il des autres technologies de suivi, telles que les balises Internet\u00a0?<\/strong><\/span><\/p>\n<p style=\"text-align: left;\"><span style=\"color: #000000;\">D\u2019autres technologies Internet telle que les balises (\u00e9galement appel\u00e9es balises pixel ou gifs invisibles), les URL ou les kits de d\u00e9veloppement logiciel (software development kits, SDK) de suivi sont utilis\u00e9s \u00e0 des fins similaires. Les balises Internet sont de petits fichiers graphiques qui contiennent un identificateur unique qui nous permet de reconna\u00eetre quand quelqu\u2019un a visit\u00e9 notre service ou ouvert un e-mail qui nous lui avons envoy\u00e9.\u00a0 Les URL de suivi sont des liens g\u00e9n\u00e9r\u00e9s al\u00e9atoirement qui nous aident \u00e0 comprendre d\u2019o\u00f9 provient le trafic vers nos pages Internet. \u00a0Les SDK sont des petits morceaux de code inclus dans les applications qui fonctionnent comme des cookies et des balises Internet.<\/span><\/p>\n<p style=\"text-align: left;\"><span style=\"color: #000000;\">Pour plus de simplicit\u00e9 dans la pr\u00e9sente Politique relative \u00e0 l\u2019utilisation des cookies, nous faisons \u00e9galement r\u00e9f\u00e9rence \u00e0 ces technologies sous le terme \u00ab\u00a0cookies\u00a0\u00bb.<\/span><\/p>\n<p style=\"text-align: left;\"><span style=\"color: #000000;\"><strong>Pourquoi utilisons-nous les cookies\u00a0?<\/strong><\/span><\/p>\n<p style=\"text-align: left;\"><span style=\"color: #000000;\">Comme la plupart des prestataires de services en ligne, nous utilisons les cookies pour fournir, s\u00e9curiser et am\u00e9liorer nos services, y compris en se souvenant de vos pr\u00e9f\u00e9rences, en vous reconnaissant lorsque vous visitez notre site Internet et en personnalisant et en adaptant sur mesure les publicit\u00e9s \u00e0 vos int\u00e9r\u00eats. Pour parvenir \u00e0 ces fins, nous pourront \u00e9galement lier les informations des cookies \u00e0 d\u2019autres informations personnelles vous concernant que nous d\u00e9tenons.<\/span><\/p>\n<p style=\"text-align: left;\"><span style=\"color: #000000;\">Lorsque vous visitez notre site Internet, certains ou tous les types de cookies suivants peuvent \u00eatre d\u00e9finis sur votre p\u00e9riph\u00e9rique.<\/span><\/p>\n<table style=\"float: left;\">\n<tbody>\n<tr>\n<td width=\"171\"><span style=\"color: #000000;\"><strong>Type de cookie<\/strong><\/span><\/td>\n<td width=\"300\"><span style=\"color: #000000;\"><strong>Description<\/strong><\/span><\/td>\n<\/tr>\n<tr>\n<td width=\"171\"><span style=\"color: #000000;\"><strong>Cookies de site Internet essentiels<\/strong><\/span><\/td>\n<td width=\"300\"><span style=\"color: #000000;\">Ces cookies sont strictement n\u00e9cessaire pour vous offrir les services disponibles \u00e0 travers notre site Internet et pour utiliser certaines de ses fonctionnalit\u00e9s, telles que l\u2019acc\u00e8s \u00e0 des espaces s\u00e9curis\u00e9s.<\/span><\/td>\n<\/tr>\n<tr>\n<td width=\"171\"><span style=\"color: #000000;\"><strong>Cookies d\u2019analyse<\/strong><\/span><\/td>\n<td width=\"300\"><span style=\"color: #000000;\">Ces cookies nous aident \u00e0 comprendre comment notre site Internet est utilis\u00e9, \u00e0 mesurer l\u2019efficacit\u00e9 de nos campagnes marketing, et \u00e0 nous aider \u00e0 personnaliser et \u00e0 am\u00e9liorer nos sites Internet pour vous.<\/span><\/td>\n<\/tr>\n<tr>\n<td width=\"171\"><span style=\"color: #000000;\"><strong>Cookies publicitaires<\/strong><\/span><\/td>\n<td width=\"300\"><span style=\"color: #000000;\">Ces cookies sont utilis\u00e9s pour rendre les messages publicitaires plus pertinents pour vous.\u00a0 Ils ex\u00e9cutent des fonctions telles qu\u2019emp\u00eacher que la m\u00eame publicit\u00e9 r\u00e9apparaisse constamment, s\u2019assurer que les publicit\u00e9s sont correctement affich\u00e9es pour les publicitaires, s\u00e9lectionner des publicit\u00e9s qui sont bas\u00e9es sur vos int\u00e9r\u00eats et mesurer le nombre de publicit\u00e9s et leurs performances, telles que le nombre de personnes qui ont cliqu\u00e9 sur la publicit\u00e9.<\/span><\/td>\n<\/tr>\n<tr>\n<td width=\"171\"><span style=\"color: #000000;\"><strong>Cookies de r\u00e9seautage social<\/strong><\/span><\/td>\n<td width=\"300\"><span style=\"color: #000000;\">Ces cookies sont utilis\u00e9s pour vous permettre de partager des pages et du contenu que vous trouvez int\u00e9ressant sur notre site Internet sur des sites Web de r\u00e9seautage social tiers oud\u2019autres sites.\u00a0 Ces cookies peuvent \u00e9galement \u00eatre utilis\u00e9s \u00e0 des fins publicitaires.<\/span><\/td>\n<\/tr>\n<\/tbody>\n<\/table>\n<p style=\"text-align: left;\"><\/p>\n<p style=\"text-align: left;\"><span style=\"color: #000000;\"><strong>Comment pouvez-vous contr\u00f4ler les cookies\u00a0?<\/strong><\/span><\/p>\n<p style=\"text-align: left;\"><span style=\"color: #000000;\">De nombreuses options de gestion des cookies sont \u00e0 votre disposition. Veuillez noter que les modifications que vous effectuez sur vos pr\u00e9f\u00e9rences en mati\u00e8re de cookies peuvent rendre votre exp\u00e9rience de navigation sur notre site Internet un peu moins satisfaisante. Dans certains cas, vous pourrez m\u00eame vous trouver dans l\u2019incapacit\u00e9 d\u2019utiliser tout ou partie de notre site.<\/span><\/p>\n<p style=\"text-align: left;\"><span style=\"color: #000000;\"><em>Outils au sein de la pr\u00e9sente Politique relative \u00e0 l\u2019utilisation des cookies<\/em><\/span><\/p>\n<p style=\"text-align: left;\"><span style=\"color: #000000;\">Vous pouvez d\u00e9finir et modifier vos pr\u00e9f\u00e9rences en mati\u00e8re de cookies \u00e0 tout moment, en utilisant l\u2019Outil de pr\u00e9f\u00e9rence de gestion des cookies disponible en haut de la pr\u00e9sente Politique relative \u00e0 l\u2019utilisation des cookies.<\/span><\/p>\n<p style=\"text-align: left;\"><span style=\"color: #000000;\"><em>Contr\u00f4les du navigateur et des p\u00e9riph\u00e9riques<\/em><\/span><\/p>\n<p style=\"text-align: left;\"><span style=\"color: #000000;\">Certains explorateurs proposent des param\u00e8tres qui vous permettent de contr\u00f4ler ou de rejeter les cookies ou encore de vous alerter lorsqu\u2019un cookie est plac\u00e9 sur votre ordinateur.\u00a0 La proc\u00e9dure de gestion des cookies est l\u00e9g\u00e8rement diff\u00e9rente pour chaque navigateur Internet. Vous pouvez v\u00e9rifier les \u00e9tapes suivantes dans le menu d\u2019aide de votre navigateur particulier.<\/span><\/p>\n<p style=\"text-align: left;\"><span style=\"color: #000000;\">Il se peut aussi que vous puissiez r\u00e9initialiser les identificateurs de p\u00e9riph\u00e9rique en activant les param\u00e8tres appropri\u00e9s sur votre p\u00e9riph\u00e9rique mobile. La proc\u00e9dure de gestion des identificateurs de p\u00e9riph\u00e9rique est l\u00e9g\u00e8rement diff\u00e9rente pour chaque p\u00e9riph\u00e9rique. Vous pouvez v\u00e9rifier les \u00e9tapes suivantes dans le menu d\u2019aide ou de param\u00e8tres de votre navigateur particulier.<\/span><\/p>\n<p style=\"text-align: left;\"><span style=\"color: #000000;\"><em>Outils de publicit\u00e9 bas\u00e9s sur l\u2019int\u00e9r\u00eat<\/em><\/span><\/p>\n<p style=\"text-align: left;\"><span style=\"color: #000000;\">Vous pouvez choisir de vous d\u00e9sengager de la consultation des publicit\u00e9s en ligne bas\u00e9es sur l\u2019int\u00e9r\u00eat de la part de soci\u00e9t\u00e9s participantes \u00e0 travers la\u00a0<\/span><a href=\"http:\/\/optout.aboutads.info\/?c=2#!\/\" target=\"_blank\" rel=\"noopener noreferrer\">Digital Advertising Alliance<\/a><span style=\"color: #000000;\">, l\u2019<\/span><a href=\"http:\/\/www.youronlinechoices.eu\/\" target=\"_blank\" rel=\"noopener noreferrer\">Interactive Digital Advertising Alliance<\/a><span style=\"color: #000000;\">\u00a0ou\u00a0<\/span><a href=\"http:\/\/youradchoices.com\/appchoices\" target=\"_blank\" rel=\"noopener noreferrer\">Appchoices<\/a><span>\u00a0<\/span><span style=\"color: #000000;\">(applications uniquement).<\/span><\/p>\n<p style=\"text-align: left;\"><span style=\"color: #000000;\">Le d\u00e9sengagement ne signifie pas que vous ne verrez plus de publicit\u00e9s. Cela signifie que ne verrez plus de publicit\u00e9s personnalis\u00e9es de la part des soci\u00e9t\u00e9s qui participent aux programmes de d\u00e9sengagement.\u00a0 En outre, si vous supprimez les cookies de votre p\u00e9riph\u00e9rique apr\u00e8s vous \u00eatre d\u00e9sengag\u00e9, vous devrez vous d\u00e9sengager \u00e0 nouveau.<\/span><\/p>\n<p style=\"text-align: left;\"><\/p>\n<p style=\"text-align: left;\"><span style=\"color: #000000;\"><strong>Cookies sociaux<\/strong><\/span><\/p>\n<p style=\"text-align: left;\"><span style=\"color: #000000;\">Pour vous permettre de partager du contenu sur les m\u00e9dias sociaux, certaines fonctionnalit\u00e9s du site Internet utilisent des plugiciels d\u2019application sociale (p.\u00a0ex., les boutons \u00ab\u00a0Partager sur Twitter\u00a0\u00bb de Twitter\u2122 ou \u00ab\u00a0in\u00a0\u00bb de LinkedIn\u2122). En fonction des param\u00e8tres de votre compte de m\u00e9dias sociaux, nous recevons automatiquement des informations de la plateforme de m\u00e9dias sociaux lorsque vous utilisez le bouton correspondant sur notre site Internet.<\/span><\/p>\n<p style=\"text-align: left;\"><span style=\"color: #000000;\">Pour en apprendre davantage sur les cookies des m\u00e9dias sociaux, nous vous sugg\u00e9rons de vous r\u00e9f\u00e9rer \u00e0 la Politique relative \u00e0 l\u2019utilisation des cookies et \u00e0 la Politique de confidentialit\u00e9 de la plateforme des m\u00e9dias sociaux.<\/span><\/p>\n<p style=\"text-align: left;\"><span style=\"color: #000000;\"><strong>Cookies Google\u2122<\/strong><\/span><\/p>\n<p style=\"text-align: left;\"><span style=\"color: #000000;\"><em>Quelques points que Google veut \u00eatre s\u00fbr que vous sachiez concernant la Technologie de collecte des donn\u00e9es de Google<\/em><\/span><\/p>\n<p style=\"text-align: left;\"><\/p>\n<p style=\"text-align: left;\"><span style=\"color: #000000;\"><em>Cookies de l\u2019API Google\u2122 Maps<\/em><\/span><\/p>\n<p style=\"text-align: left;\"><span style=\"color: #000000;\">Certaines fonctionnalit\u00e9s de notre site Internet et de certains services d&rsquo;<strong>Address-Expert<\/strong> s\u2019appuient sur les cookies de l\u2019API Google\u2122 Maps. Ces cookies seront stock\u00e9s sur votre p\u00e9riph\u00e9rique.<\/span><\/p>\n<p style=\"text-align: left;\"><span style=\"color: #000000;\">Lorsque vous parcourez ce site Internet et utilisez les services s\u2019appuyant sur les cookies de l\u2019API Google\u2122 Maps, vous acceptez le stockage, la collecte de ces cookies sur votre p\u00e9riph\u00e9rique, et autorisez l\u2019acc\u00e8s, l\u2019utilisation et le partage par Google des donn\u00e9es ainsi recueillies.<\/span><\/p>\n<p style=\"text-align: left;\"><span style=\"color: #000000;\">Google\u2122 g\u00e8re les informations et vos choix aff\u00e9rents aux cookies de l\u2019API Google\u2122 Maps via une interface distincte de celle fournie par votre navigateur. Pour plus de renseignements, veuillez consulter la page<\/span><span>\u00a0<\/span><a href=\"https:\/\/www.google.com\/policies\/technologies\/cookies\/\" target=\"_blank\" rel=\"noopener noreferrer\">https:\/\/www.google.com\/policies\/technologies\/cookies\/<\/a><span style=\"color: #000000;\">.<\/span><\/p>\n<p style=\"text-align: left;\"><span style=\"color: #000000;\"><em>Google Analytics<\/em><\/span><\/p>\n<p style=\"text-align: left;\"><span style=\"color: #000000;\">Nous utilisons Google Analytics, un service de Google qui emploie des cookies et d\u2019autres technologies de collecte des donn\u00e9es pour recueillir des informations sur l\u2019utilisation que vous faites du site Internet et des services afin de cr\u00e9er des rapports sur les tendances du site Internet.<\/span><\/p>\n<p style=\"text-align: left;\"><span style=\"color: #000000;\">Vous pouvez vous d\u00e9sengager de Google Analytics en visitant la page<\/span><span>\u00a0<\/span><a href=\"http:\/\/www.google.com\/settings\/ads\" target=\"_blank\" rel=\"noopener noreferrer\">www.google.com\/settings\/ads<\/a><span>\u00a0<\/span><span style=\"color: #000000;\">ou en t\u00e9l\u00e9chargeant le module de d\u00e9sactivation de Google Analytics de votre navigateur \u00e0 l\u2019adresse<\/span><span>\u00a0<\/span><a href=\"https:\/\/tools.google.com\/dlpage\/gaoptout\" target=\"_blank\" rel=\"noopener noreferrer\">https:\/\/tools.google.com\/dlpage\/gaoptout<\/a><span style=\"color: #000000;\">.<\/span><\/p>\n<p style=\"text-align: left;\"><span style=\"color: #000000;\"><strong>Comment nous contacter\u00a0?<\/strong><\/span><\/p>\n<p style=\"text-align: left;\"><span style=\"color: #000000;\">Si vous avez des questions sur la pr\u00e9sente Politique relative \u00e0 l\u2019utilisation des cookies, vous pouvez nous contacter comme suit\u00a0:<\/span><\/p>\n<p style=\"text-align: left;\"><span style=\"color: #000000;\"><strong>En ligne\u00a0:<\/strong><\/span>\u00a0<span style=\"color: #000000;\">contact@address-expert.com<\/span><\/p>\n<p style=\"text-align: left;\"><span style=\"color: #000000;\"><strong>Par courrier<\/strong>\u00a0:<\/span><\/p>\n<p style=\"text-align: left;\"><span style=\"color: #0c71c3; font-size: 16px;\">Address-Expert<\/span><br \/> <span style=\"color: #0c71c3;\">Privacy Officer<\/span><br \/> <span style=\"color: #0c71c3;\">5 avenue du Bois<\/span><br \/> <span style=\"color: #0c71c3;\">92700 Colombes\u00a0<\/span><br \/> <span style=\"color: #0c71c3;\">France<\/span><\/p>[\/et_pb_text][\/et_pb_column][\/et_pb_row][\/et_pb_section]\n<span class=\"et_bloom_bottom_trigger\"><\/span>","protected":false},"excerpt":{"rendered":"<p>Politique de confidentialit\u00e9 (Cookie et RGPD)Politique relative \u00e0 l\u2019utilisation des cookies Introduction Address-Expert est engag\u00e9 \u00e0 prot\u00e9ger votre confidentialit\u00e9. Notre objectif est de proposer des produits et des services dignes de confiance et \u00e0 la pointe de l\u2019industrie pour que vous puissiez vous concentrer sur l\u2019\u00e9tablissement de connexions significatives. Notre approche de la confidentialit\u00e9 consiste [&hellip;]<\/p>\n","protected":false},"author":2,"featured_media":0,"parent":0,"menu_order":0,"comment_status":"closed","ping_status":"closed","template":"","meta":{"_et_pb_use_builder":"on","_et_pb_old_content":"Ce site utilise des cookies - de petits fichiers texte qui sont plac\u00e9s sur votre machine pour aider le site \u00e0 fournir une meilleure exp\u00e9rience utilisateur. En g\u00e9n\u00e9ral, les cookies sont utilis\u00e9s pour conserver les pr\u00e9f\u00e9rences de l'utilisateur, stocker des informations pour des choses comme les paniers d'achat et fournir des donn\u00e9es de suivi anonymis\u00e9es \u00e0 des applications tierces comme Google Analytics. En r\u00e8gle g\u00e9n\u00e9rale, les cookies rendront votre exp\u00e9rience de navigation meilleure. Toutefois, vous pouvez pr\u00e9f\u00e9rer d\u00e9sactiver les cookies sur ce site et sur d'autres. Le moyen le plus efficace consiste \u00e0 d\u00e9sactiver les cookies dans votre navigateur. Nous vous sugg\u00e9rons de consulter la section Aide de votre navigateur ou de consulter le site Web <a href=\"http:\/\/www.aboutcookies.org\">\u00c0 propos des cookies<\/a> (en anglais) qui propose des conseils pour tous les navigateurs modernes.","_et_gb_content_width":"","_monsterinsights_skip_tracking":false,"_monsterinsights_sitenote_active":false,"_monsterinsights_sitenote_note":"","_monsterinsights_sitenote_category":0,"footnotes":""},"class_list":["post-331","page","type-page","status-publish","hentry"],"_links":{"self":[{"href":"https:\/\/www.address-expert.com\/en\/wp-json\/wp\/v2\/pages\/331","targetHints":{"allow":["GET"]}}],"collection":[{"href":"https:\/\/www.address-expert.com\/en\/wp-json\/wp\/v2\/pages"}],"about":[{"href":"https:\/\/www.address-expert.com\/en\/wp-json\/wp\/v2\/types\/page"}],"author":[{"embeddable":true,"href":"https:\/\/www.address-expert.com\/en\/wp-json\/wp\/v2\/users\/2"}],"replies":[{"embeddable":true,"href":"https:\/\/www.address-expert.com\/en\/wp-json\/wp\/v2\/comments?post=331"}],"version-history":[{"count":14,"href":"https:\/\/www.address-expert.com\/en\/wp-json\/wp\/v2\/pages\/331\/revisions"}],"predecessor-version":[{"id":2064,"href":"https:\/\/www.address-expert.com\/en\/wp-json\/wp\/v2\/pages\/331\/revisions\/2064"}],"wp:attachment":[{"href":"https:\/\/www.address-expert.com\/en\/wp-json\/wp\/v2\/media?parent=331"}],"curies":[{"name":"wp","href":"https:\/\/api.w.org\/{rel}","templated":true}]}}