{"id":2259,"date":"2023-12-05T14:38:28","date_gmt":"2023-12-05T14:38:28","guid":{"rendered":"https:\/\/www.address-expert.com\/?page_id=2259"},"modified":"2023-12-06T13:45:11","modified_gmt":"2023-12-06T13:45:11","slug":"location-de-fichiers","status":"publish","type":"page","link":"https:\/\/www.address-expert.com\/en\/location-de-fichiers\/","title":{"rendered":"List Broking"},"content":{"rendered":"\n[et_pb_section fb_built=\u00a0\u00bb1&Prime; admin_label=\u00a0\u00bbOur Approach\u00a0\u00bb _builder_version=\u00a0\u00bb4.16&Prime; global_colors_info=\u00a0\u00bb{}\u00a0\u00bb][et_pb_row _builder_version=\u00a0\u00bb4.16&Prime; min_height=\u00a0\u00bb46px\u00a0\u00bb custom_margin=\u00a0\u00bb|auto|-147px|auto||\u00a0\u00bb global_colors_info=\u00a0\u00bb{}\u00a0\u00bb][et_pb_column type=\u00a0\u00bb4_4&Prime; _builder_version=\u00a0\u00bb4.16&Prime; custom_padding=\u00a0\u00bb|||\u00a0\u00bb global_colors_info=\u00a0\u00bb{}\u00a0\u00bb custom_padding__hover=\u00a0\u00bb|||\u00a0\u00bb][et_pb_text _builder_version=\u00a0\u00bb4.16&Prime; min_height=\u00a0\u00bb42px\u00a0\u00bb custom_margin=\u00a0\u00bb|-207px|-6px||false|\u00a0\u00bb global_colors_info=\u00a0\u00bb{}\u00a0\u00bb custom_padding=\u00a0\u00bb|0px|6px|||\u00a0\u00bb]<h1 style=\"text-align: left;\">LOCATION DE FICHIERS B2B &amp; B2C<\/h1>[\/et_pb_text][\/et_pb_column][\/et_pb_row][et_pb_row _builder_version=\u00a0\u00bb4.17.6&Prime; custom_padding=\u00a0\u00bb3px|||||\u00a0\u00bb global_colors_info=\u00a0\u00bb{}\u00a0\u00bb][et_pb_column type=\u00a0\u00bb4_4&Prime; _builder_version=\u00a0\u00bb4.16&Prime; custom_padding=\u00a0\u00bb|||\u00a0\u00bb global_colors_info=\u00a0\u00bb{}\u00a0\u00bb custom_padding__hover=\u00a0\u00bb|||\u00a0\u00bb][et_pb_text _builder_version=\u00a0\u00bb4.16&Prime; text_font=\u00a0\u00bbOpen Sans||||||||\u00a0\u00bb text_font_size=\u00a0\u00bb16px\u00a0\u00bb text_line_height=\u00a0\u00bb1.8em\u00a0\u00bb max_width=\u00a0\u00bb100%\u00a0\u00bb max_width_last_edited=\u00a0\u00bboff|desktop\u00a0\u00bb min_height=\u00a0\u00bb60px\u00a0\u00bb custom_margin=\u00a0\u00bb|-658px||||\u00a0\u00bb custom_padding=\u00a0\u00bb0px|0px|0px|||\u00a0\u00bb text_font_size_tablet=\u00a0\u00bb16px\u00a0\u00bb text_font_size_phone=\u00a0\u00bb14px\u00a0\u00bb text_font_size_last_edited=\u00a0\u00bbon|phone\u00a0\u00bb global_colors_info=\u00a0\u00bb{}\u00a0\u00bb]<p style=\"text-align: left;\"><span style=\"font-size: 16px; color: #000000;\"><em>Une des <strong>difficult\u00e9s<\/strong> pour mener \u00e0 bien une <strong>campagne marketing r\u00e9ussie<\/strong>, est de trouver la bonne cible pour d\u00e9livrer votre message. Quel que soit le canal (<strong>postal<\/strong>, <strong>email<\/strong>, <strong>t\u00e9l\u00e9phone<\/strong>).<\/em><\/span><em style=\"color: #000000; font-size: 16px;\"><\/em><\/p>[\/et_pb_text][et_pb_accordion open_toggle_text_color=\u00a0\u00bb#0C71C3&Prime; closed_toggle_text_color=\u00a0\u00bb#0C71C3&Prime; module_id=\u00a0\u00bbmyaccordion\u00a0\u00bb module_class=\u00a0\u00bbmy_accordeon\u00a0\u00bb _builder_version=\u00a0\u00bb4.17.6&Prime; _module_preset=\u00a0\u00bbdefault\u00a0\u00bb toggle_text_color=\u00a0\u00bb#0C71C3&Prime; closed_toggle_font=\u00a0\u00bb||||||||\u00a0\u00bb background_color=\u00a0\u00bbRGBA(255,255,255,0)\u00a0\u00bb min_height=\u00a0\u00bb192.5px\u00a0\u00bb custom_margin=\u00a0\u00bb0px||0px||false|false\u00a0\u00bb box_shadow_style=\u00a0\u00bbpreset2&Prime; global_colors_info=\u00a0\u00bb{}\u00a0\u00bb][et_pb_accordion_item title=\u00a0\u00bbNos solutions\u00a0\u00bb open=\u00a0\u00bbon\u00a0\u00bb open_toggle_text_color=\u00a0\u00bb#0C71C3&Prime; closed_toggle_text_color=\u00a0\u00bb#0C71C3&Prime; _builder_version=\u00a0\u00bb4.17.6&Prime; _module_preset=\u00a0\u00bbdefault\u00a0\u00bb custom_css_main_element=\u00a0\u00bbdisplay:none;\u00a0\u00bb global_colors_info=\u00a0\u00bb{}\u00a0\u00bb toggle_text_color=\u00a0\u00bb#0C71C3&Prime; toggle_level=\u00a0\u00bbh4&Prime;]<p><span>Un acc\u00e8s \u00e0 plusieurs milliers de fichiers couvrant<b>\u00a0la France et l\u2019Europe<\/b>, nous permettra de vous pr\u00e9coniser des sources sp\u00e9cifiques \u00e0 votre march\u00e9.<\/span><\/p>\n<p><span>Par le biais d\u2019une analyse de votre base clients, nous d\u00e9terminons les diff\u00e9rents profils pr\u00e9sents et nous pouvons par la suite vous proposer des fichiers en location pr\u00e9sentant les m\u00eames typologies, sortes de \u00ab clones \u00bb de votre c\u0153ur de cible, et am\u00e9liorer la performance de vos actions marketing.<\/span><\/p>\n<p><span>Notre sp\u00e9cialit\u00e9 de la\u00a0<a href=\"https:\/\/www.address-expert.com\/fr\/data-quality\/\"><b>data\u00a0<\/b><b>quality<\/b><\/a>\u00a0nous permettra d\u2019effectuer des\u00a0<a href=\"https:\/\/www.address-expert.com\/fr\/deduplication\/\"><b>d\u00e9duplications sp\u00e9cifiques\u00a0<\/b><\/a>\u00e0 votre campagne, avec\u00a0<b>fichiers repoussoirs\u00a0<\/b>et statistiques r\u00e9pondant \u00e0 votre besoin.<\/span><\/p>\n<p><span><b>Address-Expert<\/b>\u00a0sera ainsi votre partenaire pour vous aider \u00e0 \u00e9tendre votre pr\u00e9sence en France ou \u00e0 l\u2019International, en respectant les us et coutumes de chaque pays sur vos op\u00e9rations de marketing digital.<\/span><\/p>[\/et_pb_accordion_item][et_pb_accordion_item title=\u00a0\u00bbR\u00e9seau France et international\u00a0\u00bb open_toggle_text_color=\u00a0\u00bb#0C71C3&Prime; _builder_version=\u00a0\u00bb4.17.6&Prime; _module_preset=\u00a0\u00bbdefault\u00a0\u00bb global_colors_info=\u00a0\u00bb{}\u00a0\u00bb toggle_text_color=\u00a0\u00bb#0C71C3&Prime; toggle_level=\u00a0\u00bbh4&Prime; open=\u00a0\u00bboff\u00a0\u00bb]<span><a href=\"#LF_RFI\" title=\"LF_RFI\">B<\/a>\u00e9n\u00e9ficiant d\u2019un r\u00e9seau sur plus de <strong>32 pays<\/strong> couvrant plus de 530 millions de donn\u00e9es, notre offre de fichiers couvre un vaste ensemble de profils, que ce soit pour les campagnes B2B tout comme pour celles en B2C. Nous nous adaptons \u00e0 chaque offre, et pouvons fournir des donn\u00e9es sur\u00a0<strong>tous les canaux de communication habituels<\/strong>\u00a0: adresses postales, mais aussi num\u00e9ros de t\u00e9l\u00e9phone ou encore adresses emails, dans le respect des r\u00e8glementations locales.<\/span>[\/et_pb_accordion_item][et_pb_accordion_item title=\u00a0\u00bbS\u00e9lection de sources\u00a0\u00bb open_toggle_text_color=\u00a0\u00bb#0C71C3&Prime; _builder_version=\u00a0\u00bb4.17.6&Prime; _module_preset=\u00a0\u00bbdefault\u00a0\u00bb global_colors_info=\u00a0\u00bb{}\u00a0\u00bb toggle_text_color=\u00a0\u00bb#0C71C3&Prime; toggle_level=\u00a0\u00bbh4&Prime; open=\u00a0\u00bboff\u00a0\u00bb]<p><span>Nos \u00e9quipes vous accompagnent pour vous recommander les sources fiables les plus adapt\u00e9es \u00e0 votre strat\u00e9gie marketing et pour la r\u00e9ussite de vos campagnes de marketing direct.<\/span><\/p>\n<p>Nous pouvons vous proposer diff\u00e9rentes cat\u00e9gories de fichiers selon les objectifs de votre campagne\u00a0:<\/p>\n<p>Que ce soit dans le domaine du B2C avec des fichiers comportementaux, m\u00e9gabases provenant de questionnaires ou bien de compilation, sources presse ou caritatif, domaine de la vente \u00e0 distance ou achats en ligne (Web), cible luxe et hauts revenus, etc\u2026<\/p>\n<p>Ou encore des bases B2B internationales provenant des registres commerciaux officiels locaux, ou bien de domaines plus sp\u00e9cifiques \u00e0 votre secteur comme un type d\u2019industrie, une taille d\u2019entreprises cibl\u00e9es (TPE\/PME\/ETI) ou encore le secteur public (fichier des mairies, fichiers de l\u2019enseignement, etc..) ou le monde lib\u00e9ral.<\/p>[\/et_pb_accordion_item][et_pb_accordion_item title=\u00a0\u00bbPr\u00e9conisation et plans fichiers\u00a0\u00bb open_toggle_text_color=\u00a0\u00bb#0C71C3&Prime; _builder_version=\u00a0\u00bb4.17.6&Prime; _module_preset=\u00a0\u00bbdefault\u00a0\u00bb global_colors_info=\u00a0\u00bb{}\u00a0\u00bb toggle_text_color=\u00a0\u00bb#0C71C3&Prime; toggle_level=\u00a0\u00bbh4&Prime; open=\u00a0\u00bboff\u00a0\u00bb]<p><span>Que vous ayez besoin d\u2019un seul fichier de prospection pour une campagne sp\u00e9cifique, ou bien de construire un\u00a0<strong>plan fichiers complexe<\/strong>\u00a0prenant en compte de multiples param\u00e8tres, nous saurons vous accompagner dans tous ces aspects.<\/span><\/p>\n<p><span>Address-Expert vous aide \u00e0 s\u00e9lectionner les fichiers les plus appropri\u00e9s \u00e0 votre service ou \u00e0 votre produit, avec en amont tout d\u2019abord un accompagnement possible dans la connaissance de vos clients afin d\u2019en\u00a0<strong>d\u00e9terminer le profil et de trouver leurs clones<\/strong>\u00a0dans les bases externes.\u00a0<\/span><span>Ensuite, nous d\u00e9terminerons \u00e0 la fois les sources ayant disposant des m\u00eames caract\u00e9ristiques que vos clients, et celles qui pr\u00e9sentent les canaux les plus int\u00e9ressants.<\/span><\/p>\n<p><span>En amont de la campagne, Address-Expert intervient pour pr\u00e9parer les donn\u00e9es provenant des diff\u00e9rentes sources, pour les\u00a0<strong>homog\u00e9n\u00e9iser<\/strong>, les\u00a0<strong>d\u00e9dupliquer<\/strong>\u00a0selon un\u00a0<strong>ordre de priorit\u00e9<\/strong>\u00a0d\u00e9fini pr\u00e9cis\u00e9ment, afin de\u00a0<strong>conserver les \u00ab\u00a0t\u00eates de groupes\u00a0\u00bb<\/strong>\u00a0(soit un seul contact s\u2019il est trouv\u00e9 plusieurs fois parmi diff\u00e9rents fichiers), puis de d\u00e9rouler la\u00a0<strong>campagne avec un suivi op\u00e9rationnel<\/strong>\u00a0(remont\u00e9es, statistiques, etc..).<\/span><\/p>[\/et_pb_accordion_item][et_pb_accordion_item title=\u00a0\u00bbExpertise cl\u00e9-en-main\u00a0\u00bb open_toggle_text_color=\u00a0\u00bb#0C71C3&Prime; _builder_version=\u00a0\u00bb4.17.6&Prime; _module_preset=\u00a0\u00bbdefault\u00a0\u00bb global_colors_info=\u00a0\u00bb{}\u00a0\u00bb toggle_text_color=\u00a0\u00bb#0C71C3&Prime; toggle_level=\u00a0\u00bbh4&Prime; open=\u00a0\u00bboff\u00a0\u00bb]<p>Forts de notre expertise cl\u00e9-en-main depuis plus de 30 ans, Address-Expert vous accompagne tout au long de la gestion op\u00e9rationnelle de vos campagnes de prospection sur la France et l\u2019international, avec une approche globale ou locale, tout en s\u2019adaptant aux us et coutumes et bien s\u00fbr, dans le respect des r\u00e9glementations de chaque pays.<span>\u00a0<\/span><\/p>[\/et_pb_accordion_item][\/et_pb_accordion][et_pb_text _builder_version=\u00a0\u00bb4.17.6&Prime; text_font=\u00a0\u00bbOpen Sans||||||||\u00a0\u00bb text_font_size=\u00a0\u00bb16px\u00a0\u00bb text_line_height=\u00a0\u00bb1.8em\u00a0\u00bb max_width=\u00a0\u00bb100%\u00a0\u00bb max_width_last_edited=\u00a0\u00bboff|desktop\u00a0\u00bb min_height=\u00a0\u00bb209px\u00a0\u00bb custom_margin=\u00a0\u00bb|-658px||||\u00a0\u00bb text_font_size_tablet=\u00a0\u00bb16px\u00a0\u00bb text_font_size_phone=\u00a0\u00bb14px\u00a0\u00bb text_font_size_last_edited=\u00a0\u00bbon|phone\u00a0\u00bb global_colors_info=\u00a0\u00bb{}\u00a0\u00bb]<p style=\"text-align: left;\"><span style=\"color: #0c71c3;\"><strong><\/strong><\/span><\/p>\n<p style=\"text-align: left;\"><span style=\"color: #0c71c3;\"><strong>P\u00e9rim\u00e8tre d\u2019intervention<\/strong><\/span><\/p>\n<p style=\"text-align: left;\"><span style=\"color: #000000;\">France<\/span><br \/><span style=\"color: #000000;\"> International<\/span><\/p>\n<p style=\"text-align: left;\"><span style=\"color: #0c71c3;\"><strong>Mise en \u0153uvre<\/strong><\/span><\/p>\n<p style=\"text-align: left;\"><a href=\"https:\/\/www.address-expert.com\/fr\/solutions\/\">Prestation de service en mode \u00ab Service bureau \u00bb \/ One shot<\/a><\/p>\n<p style=\"text-align: left;\">[\/et_pb_text][et_pb_button button_text=\u00a0\u00bbServices connexes\u00a0\u00bb _builder_version=\u00a0\u00bb4.16&Prime; custom_button=\u00a0\u00bbon\u00a0\u00bb button_text_size=\u00a0\u00bb15px\u00a0\u00bb button_text_color=\u00a0\u00bb#ffffff\u00a0\u00bb button_bg_color=\u00a0\u00bb#15314e\u00a0\u00bb button_bg_color_gradient_direction=\u00a0\u00bb90deg\u00a0\u00bb button_bg_color_gradient_stops=\u00a0\u00bb#ffa727 0%|#FF8A3D 100%\u00a0\u00bb button_bg_color_gradient_start=\u00a0\u00bb#ffa727&Prime; button_bg_color_gradient_end=\u00a0\u00bb#FF8A3D\u00a0\u00bb button_border_width=\u00a0\u00bb0px\u00a0\u00bb button_border_radius=\u00a0\u00bb100px\u00a0\u00bb button_letter_spacing=\u00a0\u00bb5px\u00a0\u00bb button_font=\u00a0\u00bbOpen Sans|700||on|||||\u00a0\u00bb button_use_icon=\u00a0\u00bboff\u00a0\u00bb custom_margin=\u00a0\u00bb-16px||1px|||\u00a0\u00bb custom_padding=\u00a0\u00bb16px|32px|16px|32px|true|true\u00a0\u00bb button_border_radius_hover=\u00a0\u00bb100px\u00a0\u00bb button_letter_spacing_hover=\u00a0\u00bb5px\u00a0\u00bb button_bg_color_hover=\u00a0\u00bb#3980f9&Prime; global_colors_info=\u00a0\u00bb{}\u00a0\u00bb button_text_size__hover_enabled=\u00a0\u00bboff\u00a0\u00bb button_one_text_size__hover_enabled=\u00a0\u00bboff\u00a0\u00bb button_two_text_size__hover_enabled=\u00a0\u00bboff\u00a0\u00bb button_text_color__hover_enabled=\u00a0\u00bboff\u00a0\u00bb button_one_text_color__hover_enabled=\u00a0\u00bboff\u00a0\u00bb button_two_text_color__hover_enabled=\u00a0\u00bboff\u00a0\u00bb button_border_width__hover_enabled=\u00a0\u00bboff\u00a0\u00bb button_one_border_width__hover_enabled=\u00a0\u00bboff\u00a0\u00bb button_two_border_width__hover_enabled=\u00a0\u00bboff\u00a0\u00bb button_border_color__hover_enabled=\u00a0\u00bboff\u00a0\u00bb button_one_border_color__hover_enabled=\u00a0\u00bboff\u00a0\u00bb button_two_border_color__hover_enabled=\u00a0\u00bboff\u00a0\u00bb button_border_radius__hover_enabled=\u00a0\u00bbon\u00a0\u00bb button_border_radius__hover=\u00a0\u00bb100px\u00a0\u00bb button_one_border_radius__hover_enabled=\u00a0\u00bboff\u00a0\u00bb button_two_border_radius__hover_enabled=\u00a0\u00bboff\u00a0\u00bb button_letter_spacing__hover_enabled=\u00a0\u00bbon\u00a0\u00bb button_letter_spacing__hover=\u00a0\u00bb5px\u00a0\u00bb button_one_letter_spacing__hover_enabled=\u00a0\u00bboff\u00a0\u00bb button_two_letter_spacing__hover_enabled=\u00a0\u00bboff\u00a0\u00bb button_bg_color__hover_enabled=\u00a0\u00bbon\u00a0\u00bb button_bg_color__hover=\u00a0\u00bb#3980f9&Prime; button_one_bg_color__hover_enabled=\u00a0\u00bboff\u00a0\u00bb button_two_bg_color__hover_enabled=\u00a0\u00bboff\u00a0\u00bb][\/et_pb_button][et_pb_text _builder_version=\u00a0\u00bb4.16&Prime; text_font=\u00a0\u00bbOpen Sans||||||||\u00a0\u00bb text_font_size=\u00a0\u00bb16px\u00a0\u00bb text_line_height=\u00a0\u00bb1.8em\u00a0\u00bb max_width=\u00a0\u00bb100%\u00a0\u00bb max_width_last_edited=\u00a0\u00bboff|desktop\u00a0\u00bb custom_margin=\u00a0\u00bb|-658px||||\u00a0\u00bb text_font_size_tablet=\u00a0\u00bb16px\u00a0\u00bb text_font_size_phone=\u00a0\u00bb14px\u00a0\u00bb text_font_size_last_edited=\u00a0\u00bbon|phone\u00a0\u00bb global_colors_info=\u00a0\u00bb{}\u00a0\u00bb]&nbsp;\n<ul>\n\t<li style=\"text-align: left;\"><a href=\"https:\/\/www.address-expert.com\/fr\/norme-postale\/\">Normalisation postale<\/a><\/li>\n\t<li style=\"text-align: left;\"><span style=\"font-size: 16px;\"><a href=\"https:\/\/www.address-expert.com\/fr\/traitement-de-standardisation-et-reformatages\/\">Traitement des civilit\u00e9s, reformatage des n\u00b0 de t\u00e9l\u00e9phone \/ fax, v\u00e9rification syntaxe email<\/a><\/span><\/li>\n\t<li style=\"text-align: left;\"><a href=\"https:\/\/www.address-expert.com\/fr\/deduplication\/\">D\u00e9duplication \/ D\u00e9doublonnage<\/a><\/li>\n\t<li style=\"text-align: left;\"><span style=\"font-size: 16px;\"><a href=\"https:\/\/www.address-expert.com\/fr\/location-de-fichiers\/\">Listes repoussoirs \/ do-not-mail<\/a><\/span><\/li>\n\t<li style=\"text-align: left;\"><a href=\"https:\/\/www.address-expert.com\/fr\/demenages\/\">Recherche des d\u00e9m\u00e9nag\u00e9s<\/a><\/li>\n\t<li style=\"text-align: left;\"><a href=\"https:\/\/www.address-expert.com\/fr\/enrichissements\/\">Enrichissement de donn\u00e9es<\/a> <a href=\"https:\/\/www.address-expert.com\/fr\/enrichissement-b2b\/\">B2B<\/a> <span style=\"color: #0c71c3;\">et <\/span><a href=\"https:\/\/www.address-expert.com\/fr\/enrichissement-b2c\/\">B2C<\/a><\/li>\n<\/ul>[\/et_pb_text][\/et_pb_column][\/et_pb_row][et_pb_row _builder_version=\u00a0\u00bb4.17.6&Prime; _module_preset=\u00a0\u00bbdefault\u00a0\u00bb global_colors_info=\u00a0\u00bb{}\u00a0\u00bb][et_pb_column type=\u00a0\u00bb4_4&Prime; _builder_version=\u00a0\u00bb4.17.6&Prime; _module_preset=\u00a0\u00bbdefault\u00a0\u00bb global_colors_info=\u00a0\u00bb{}\u00a0\u00bb][\/et_pb_column][\/et_pb_row][\/et_pb_section]\n<span class=\"et_bloom_bottom_trigger\"><\/span>","protected":false},"excerpt":{"rendered":"<p>LOCATION DE FICHIERS B2B &amp; B2CUne des difficult\u00e9s pour mener \u00e0 bien une campagne marketing r\u00e9ussie, est de trouver la bonne cible pour d\u00e9livrer votre message. Quel que soit le canal (postal, email, t\u00e9l\u00e9phone).Un acc\u00e8s \u00e0 plusieurs milliers de fichiers couvrant\u00a0la France et l\u2019Europe, nous permettra de vous pr\u00e9coniser des sources sp\u00e9cifiques \u00e0 votre march\u00e9. [&hellip;]<\/p>\n","protected":false},"author":2,"featured_media":0,"parent":0,"menu_order":0,"comment_status":"closed","ping_status":"closed","template":"","meta":{"_et_pb_use_builder":"on","_et_pb_old_content":"","_et_gb_content_width":"","_monsterinsights_skip_tracking":false,"_monsterinsights_sitenote_active":false,"_monsterinsights_sitenote_note":"","_monsterinsights_sitenote_category":0,"footnotes":""},"class_list":["post-2259","page","type-page","status-publish","hentry"],"_links":{"self":[{"href":"https:\/\/www.address-expert.com\/en\/wp-json\/wp\/v2\/pages\/2259","targetHints":{"allow":["GET"]}}],"collection":[{"href":"https:\/\/www.address-expert.com\/en\/wp-json\/wp\/v2\/pages"}],"about":[{"href":"https:\/\/www.address-expert.com\/en\/wp-json\/wp\/v2\/types\/page"}],"author":[{"embeddable":true,"href":"https:\/\/www.address-expert.com\/en\/wp-json\/wp\/v2\/users\/2"}],"replies":[{"embeddable":true,"href":"https:\/\/www.address-expert.com\/en\/wp-json\/wp\/v2\/comments?post=2259"}],"version-history":[{"count":5,"href":"https:\/\/www.address-expert.com\/en\/wp-json\/wp\/v2\/pages\/2259\/revisions"}],"predecessor-version":[{"id":2266,"href":"https:\/\/www.address-expert.com\/en\/wp-json\/wp\/v2\/pages\/2259\/revisions\/2266"}],"wp:attachment":[{"href":"https:\/\/www.address-expert.com\/en\/wp-json\/wp\/v2\/media?parent=2259"}],"curies":[{"name":"wp","href":"https:\/\/api.w.org\/{rel}","templated":true}]}}