{"id":172,"date":"2019-08-22T13:40:30","date_gmt":"2019-08-22T13:40:30","guid":{"rendered":"https:\/\/www.address-expert.com\/?page_id=172"},"modified":"2022-02-08T10:52:03","modified_gmt":"2022-02-08T10:52:03","slug":"deduplication","status":"publish","type":"page","link":"https:\/\/www.address-expert.com\/en\/deduplication\/","title":{"rendered":"Deduplication"},"content":{"rendered":"\n\n\n\n[et_pb_section fb_built=\u00a0\u00bb1&Prime; admin_label=\u00a0\u00bbOur Approach\u00a0\u00bb _builder_version=\u00a0\u00bb4.5.6&Prime;][et_pb_row column_structure=\u00a0\u00bb1_2,1_2&Prime; _builder_version=\u00a0\u00bb3.27.2&Prime;][et_pb_column type=\u00a0\u00bb1_2&Prime; _builder_version=\u00a0\u00bb3.25&Prime; custom_padding=\u00a0\u00bb|||\u00a0\u00bb custom_padding__hover=\u00a0\u00bb|||\u00a0\u00bb][et_pb_text _builder_version=\u00a0\u00bb4.5.6&Prime; text_font_size_tablet=\u00a0\u00bb\u00a0\u00bb text_font_size_phone=\u00a0\u00bb\u00a0\u00bb text_font_size_last_edited=\u00a0\u00bbon|phone\u00a0\u00bb]<h1 style=\"text-align: left;\">DEDUPLICATION<\/h1>[\/et_pb_text][\/et_pb_column][et_pb_column type=\u00a0\u00bb1_2&Prime; _builder_version=\u00a0\u00bb3.25&Prime; custom_padding=\u00a0\u00bb|||\u00a0\u00bb custom_padding__hover=\u00a0\u00bb|||\u00a0\u00bb][et_pb_image src=\u00a0\u00bbhttps:\/\/www.address-expert.com\/wp-content\/uploads\/2019\/08\/Fotolia_142809114_S.jpg\u00a0\u00bb alt=\u00a0\u00bbUne unicit\u00e9 de l\u2019information (R\u00e9f\u00e9rentiel Client Unique)\u00a0\u00bb title_text=\u00a0\u00bbD\u00e9duplication\u00a0\u00bb _builder_version=\u00a0\u00bb4.4.4&Prime; box_shadow_style=\u00a0\u00bbpreset2&Prime;][\/et_pb_image][\/et_pb_column][\/et_pb_row][et_pb_row _builder_version=\u00a0\u00bb4.4.8&Prime;][et_pb_column type=\u00a0\u00bb4_4&Prime; _builder_version=\u00a0\u00bb3.25&Prime; custom_padding=\u00a0\u00bb|||\u00a0\u00bb custom_padding__hover=\u00a0\u00bb|||\u00a0\u00bb][et_pb_text _builder_version=\u00a0\u00bb4.6.5&Prime; text_font=\u00a0\u00bbOpen Sans||||||||\u00a0\u00bb text_font_size=\u00a0\u00bb16px\u00a0\u00bb text_line_height=\u00a0\u00bb1.8em\u00a0\u00bb max_width=\u00a0\u00bb100%\u00a0\u00bb max_width_last_edited=\u00a0\u00bboff|desktop\u00a0\u00bb custom_margin=\u00a0\u00bb|-658px||||\u00a0\u00bb hover_enabled=\u00a0\u00bb0&Prime; text_font_size_tablet=\u00a0\u00bb16px\u00a0\u00bb text_font_size_phone=\u00a0\u00bb14px\u00a0\u00bb sticky_enabled=\u00a0\u00bb0&Prime;]<p style=\"text-align: left;\"><span style=\"color: #0c71c3;\"><strong>Quels enjeux ?<\/strong><\/span><\/p>\n<p style=\"text-align: left;\"><span style=\"color: #000000;\">Les donn\u00e9es de vos clients et prospects peuvent provenir de diff\u00e9rents syst\u00e8mes en interne, ou bien \u00eatre multiples au sein de votre base, en raison des diff\u00e9rents canaux de collecte qui ont \u00e9t\u00e9 mis en place.<\/span><\/p>\n<p style=\"text-align: left;\"><span style=\"color: #000000;\">Cette diss\u00e9mination des informations ne permet pas de disposer d\u2019une vision unifi\u00e9e de vos clients et prospects, et g\u00e9n\u00e8re des difficult\u00e9s d\u2019exploitation et a des impacts directs sur vos campagnes de communication :<\/span><\/p>\n<p style=\"text-align: left;\"><span style=\"color: #000000;\">&#8211; Envoi de messages en double,<\/span><\/p>\n<p style=\"text-align: left;\"><span style=\"color: #000000;\">&#8211; Pollution de vos bases de donn\u00e9es avec des contacts multiples,<\/span><\/p>\n<p style=\"text-align: left;\"><span style=\"color: #000000;\">&#8211; Dispersion des informations au sein de vos syst\u00e8mes internes,<\/span><\/p>\n<p style=\"text-align: left;\"><span style=\"color: #0c71c3;\"><strong>Nos solutions<\/strong><\/span><\/p>\n<p style=\"text-align: left;\"><span style=\"color: #000000;\">Cette phase intervient n\u00e9cessairement apr\u00e8s une <strong>normalisation postale et une restructuration des donn\u00e9es<\/strong>.<\/span><\/p>\n<p style=\"text-align: left;\"><span style=\"color: #000000;\">Elle a pour objectif de comparer les donn\u00e9es pr\u00e9sentes dans une m\u00eame source (<strong>d\u00e9doublonnage<\/strong>), ou bien au sein de plusieurs sources (<strong>d\u00e9duplication<\/strong>).<\/span><\/p>\n<p style=\"text-align: left;\"><span style=\"color: #000000;\">Diff\u00e9rents niveaux de d\u00e9duplication, selon l\u2019objectif recherch\u00e9 :<\/span><\/p>\n<p style=\"text-align: left;\"><span style=\"color: #000000;\">&#8211; <strong>B2C : D\u00e9duplication foyer ou individu<\/strong><\/span><\/p>\n<p style=\"text-align: left;\"><span style=\"color: #000000;\">&#8211; <strong>B2B : D\u00e9duplication Entreprise ou contacts<\/strong><\/span><\/p>\n<p style=\"text-align: left;\"><span style=\"color: #000000;\"><strong><span>&#8211; Prise en compte de fichiers multi-sources et des bases repoussoirs (do not mail, black list &#8230;.)<\/span><\/strong><\/span><\/p>\n<p style=\"text-align: left;\"><span style=\"color: #000000;\">Pour une famille d\u2019enregistrements doublons identifi\u00e9e, il est possible de d\u00e9terminer l\u2019enregistrement \u00ab ma\u00eetre \u00bb \u00e0 conserver selon vos propres crit\u00e8res, tels que la r\u00e9cence, le canal de collecte, le chiffre d\u2019affaires, etc\u2026<\/span><\/p>\n<p style=\"text-align: left;\"><span style=\"color: #000000;\">Cet enregistrement \u00ab Golden Record \u00bb pourra \u00eatre enrichi d\u2019informations contenu dans les autres enregistrements pr\u00e9sents au sein de son groupe.<\/span><\/p>\n<p style=\"text-align: left;\"><span style=\"color: #0c71c3;\"><strong>Un atout pour vos donn\u00e9es<\/strong><\/span><\/p>\n<p style=\"text-align: left;\"><span style=\"color: #000000;\">C\u2019est un traitement incontournable pour :<\/span><\/p>\n<p style=\"text-align: left;\"><span style=\"color: #000000;\">&#8211; conserver une <strong>image de marque<\/strong> positive en g\u00e9rant la pression marketing et en n\u2019envoyant pas de multiple fois un m\u00eame message au destinataire,<\/span><\/p>\n<p style=\"text-align: left;\"><span style=\"color: #000000;\">&#8211; <strong>r\u00e9duire les co\u00fbts<\/strong> d\u2019envois lors d\u2019une campagne marketing et ma\u00eetriser votre budget,<\/span><\/p>\n<p style=\"text-align: left;\"><span style=\"color: #000000;\">&#8211; disposer d\u2019une <strong>vision globale<\/strong> de vos clients en effectuant un regroupement \/ une fusion des informations pr\u00e9sentes dans vos bases pour une unicit\u00e9 de l\u2019information (R\u00e9f\u00e9rentiel Client Unique)<\/span><\/p>\n<p style=\"text-align: left;\"><span style=\"color: #000000;\">&#8211; <strong>optimiser l\u2019organisation de la gestion<\/strong> clients pour les op\u00e9rations multicanal<\/span><\/p>\n<p style=\"text-align: left;\"><span style=\"color: #000000;\">&#8211; permettre de <strong>meilleurs enrichissements<\/strong> pour am\u00e9lioration de la connaissance clients et optimisation du cross-selling.<\/span><\/p>\n<p style=\"text-align: left;\"><span style=\"color: #0c71c3;\"><strong>P\u00e9rim\u00e8tre d\u2019intervention<\/strong><\/span><\/p>\n<p style=\"text-align: left;\"><span style=\"color: #000000;\">France<\/span><\/p>\n<p style=\"text-align: left;\"><span style=\"color: #000000;\">International (+190 pays dans le monde)<\/span><\/p>\n<p style=\"text-align: left;\"><span style=\"color: #000000;\">Gestion des alphabets locaux (japonais, cyrillique, cor\u00e9en, etc\u2026.)<\/span><\/p>\n<p style=\"text-align: left;\"><span style=\"color: #0c71c3;\"><strong>Mise en \u0153uvre<\/strong><\/span><\/p>\n<p style=\"text-align: left;\"><a href=\"https:\/\/www.address-expert.com\/fr\/solutions\/\">Prestation de service en mode \u00ab Service bureau \u00bb \/ One shot<\/a><\/p>\n<p style=\"text-align: left;\"><a href=\"https:\/\/www.address-expert.com\/fr\/solutions\/\">Saas : automatisation des processus en mode batch<\/a><\/p>\n<p style=\"text-align: left;\"><a href=\"https:\/\/www.address-expert.com\/fr\/solutions\/\">Mode transactionnel \/ web serviceLicence \u00e0 installer directement dans vos syst\u00e8mes<\/a><\/p>\n<p style=\"text-align: left;\"><\/p>[\/et_pb_text][et_pb_button button_text=\u00a0\u00bbServices connexes\u00a0\u00bb _builder_version=\u00a0\u00bb3.27.2&Prime; custom_button=\u00a0\u00bbon\u00a0\u00bb button_text_size=\u00a0\u00bb15px\u00a0\u00bb button_text_color=\u00a0\u00bb#ffffff\u00a0\u00bb button_bg_color=\u00a0\u00bb#15314e\u00a0\u00bb button_bg_color_gradient_start=\u00a0\u00bb#ffa727&Prime; button_bg_color_gradient_end=\u00a0\u00bb#FF8A3D\u00a0\u00bb button_bg_color_gradient_direction=\u00a0\u00bb90deg\u00a0\u00bb button_border_width=\u00a0\u00bb0px\u00a0\u00bb button_border_radius=\u00a0\u00bb100px\u00a0\u00bb button_letter_spacing=\u00a0\u00bb5px\u00a0\u00bb button_font=\u00a0\u00bbOpen Sans|700||on|||||\u00a0\u00bb button_use_icon=\u00a0\u00bboff\u00a0\u00bb custom_margin=\u00a0\u00bb||1px|||\u00a0\u00bb custom_padding=\u00a0\u00bb16px|32px|16px|32px|true|true\u00a0\u00bb button_border_radius_hover=\u00a0\u00bb100px\u00a0\u00bb button_letter_spacing_hover=\u00a0\u00bb5px\u00a0\u00bb button_bg_color_hover=\u00a0\u00bb#3980f9&Prime; button_text_size__hover_enabled=\u00a0\u00bboff\u00a0\u00bb button_one_text_size__hover_enabled=\u00a0\u00bboff\u00a0\u00bb button_two_text_size__hover_enabled=\u00a0\u00bboff\u00a0\u00bb button_text_color__hover_enabled=\u00a0\u00bboff\u00a0\u00bb button_one_text_color__hover_enabled=\u00a0\u00bboff\u00a0\u00bb button_two_text_color__hover_enabled=\u00a0\u00bboff\u00a0\u00bb button_border_width__hover_enabled=\u00a0\u00bboff\u00a0\u00bb button_one_border_width__hover_enabled=\u00a0\u00bboff\u00a0\u00bb button_two_border_width__hover_enabled=\u00a0\u00bboff\u00a0\u00bb button_border_color__hover_enabled=\u00a0\u00bboff\u00a0\u00bb button_one_border_color__hover_enabled=\u00a0\u00bboff\u00a0\u00bb button_two_border_color__hover_enabled=\u00a0\u00bboff\u00a0\u00bb button_border_radius__hover_enabled=\u00a0\u00bbon\u00a0\u00bb button_border_radius__hover=\u00a0\u00bb100px\u00a0\u00bb button_one_border_radius__hover_enabled=\u00a0\u00bboff\u00a0\u00bb button_two_border_radius__hover_enabled=\u00a0\u00bboff\u00a0\u00bb button_letter_spacing__hover_enabled=\u00a0\u00bbon\u00a0\u00bb button_letter_spacing__hover=\u00a0\u00bb5px\u00a0\u00bb button_one_letter_spacing__hover_enabled=\u00a0\u00bboff\u00a0\u00bb button_two_letter_spacing__hover_enabled=\u00a0\u00bboff\u00a0\u00bb button_bg_color__hover_enabled=\u00a0\u00bbon\u00a0\u00bb button_bg_color__hover=\u00a0\u00bb#3980f9&Prime; button_one_bg_color__hover_enabled=\u00a0\u00bboff\u00a0\u00bb button_two_bg_color__hover_enabled=\u00a0\u00bboff\u00a0\u00bb][\/et_pb_button][et_pb_text _builder_version=\u00a0\u00bb4.6.5&Prime; text_font=\u00a0\u00bbOpen Sans||||||||\u00a0\u00bb text_font_size=\u00a0\u00bb16px\u00a0\u00bb text_line_height=\u00a0\u00bb1.8em\u00a0\u00bb max_width=\u00a0\u00bb100%\u00a0\u00bb max_width_last_edited=\u00a0\u00bboff|desktop\u00a0\u00bb custom_margin=\u00a0\u00bb|-658px||||\u00a0\u00bb hover_enabled=\u00a0\u00bb0&Prime; text_font_size_tablet=\u00a0\u00bb16px\u00a0\u00bb text_font_size_phone=\u00a0\u00bb14px\u00a0\u00bb text_font_size_last_edited=\u00a0\u00bbon|phone\u00a0\u00bb sticky_enabled=\u00a0\u00bb0&Prime;]<p>&nbsp;<\/p>\n<ul>\n<li style=\"text-align: left;\"><a href=\"https:\/\/www.address-expert.com\/fr\/norme-postale\/\">Normalisation postale<\/a><\/li>\n<li style=\"text-align: left;\"><span><\/span><a href=\"https:\/\/www.address-expert.com\/fr\/traitement-de-standardisation-et-reformatages\/\"><span>Traitement des civilit\u00e9s, reformatage des n\u00b0 de t\u00e9l\u00e9phone \/ fax, v\u00e9rification syntaxe email<\/span><\/a><\/li>\n<li style=\"text-align: left;\"><a href=\"https:\/\/www.address-expert.com\/fr\/location-de-fichiers\/\"><span>Listes repoussoirs \/ do-not-mail<\/span><\/a><\/li>\n<li style=\"text-align: left;\"><a href=\"https:\/\/www.address-expert.com\/fr\/demenages\/\">Recherche des d\u00e9m\u00e9nag\u00e9s<\/span><\/li>\n<li style=\"text-align: left;\"><a href=\"https:\/\/www.address-expert.com\/fr\/enrichissements\/\">Enrichissement de donn\u00e9es B2B et B2C<\/a><\/li>\n<\/ul>[\/et_pb_text][\/et_pb_column][\/et_pb_row][\/et_pb_section]\n\n\n\n<span class=\"et_bloom_bottom_trigger\"><\/span>","protected":false},"excerpt":{"rendered":"<p>DEDUPLICATIONQuels enjeux ? Les donn\u00e9es de vos clients et prospects peuvent provenir de diff\u00e9rents syst\u00e8mes en interne, ou bien \u00eatre multiples au sein de votre base, en raison des diff\u00e9rents canaux de collecte qui ont \u00e9t\u00e9 mis en place. Cette diss\u00e9mination des informations ne permet pas de disposer d\u2019une vision unifi\u00e9e de vos clients et [&hellip;]<\/p>\n","protected":false},"author":2,"featured_media":0,"parent":0,"menu_order":0,"comment_status":"closed","ping_status":"closed","template":"","meta":{"_et_pb_use_builder":"on","_et_pb_old_content":"","_et_gb_content_width":"","_monsterinsights_skip_tracking":false,"_monsterinsights_sitenote_active":false,"_monsterinsights_sitenote_note":"","_monsterinsights_sitenote_category":0,"footnotes":""},"class_list":["post-172","page","type-page","status-publish","hentry"],"_links":{"self":[{"href":"https:\/\/www.address-expert.com\/en\/wp-json\/wp\/v2\/pages\/172","targetHints":{"allow":["GET"]}}],"collection":[{"href":"https:\/\/www.address-expert.com\/en\/wp-json\/wp\/v2\/pages"}],"about":[{"href":"https:\/\/www.address-expert.com\/en\/wp-json\/wp\/v2\/types\/page"}],"author":[{"embeddable":true,"href":"https:\/\/www.address-expert.com\/en\/wp-json\/wp\/v2\/users\/2"}],"replies":[{"embeddable":true,"href":"https:\/\/www.address-expert.com\/en\/wp-json\/wp\/v2\/comments?post=172"}],"version-history":[{"count":27,"href":"https:\/\/www.address-expert.com\/en\/wp-json\/wp\/v2\/pages\/172\/revisions"}],"predecessor-version":[{"id":2010,"href":"https:\/\/www.address-expert.com\/en\/wp-json\/wp\/v2\/pages\/172\/revisions\/2010"}],"wp:attachment":[{"href":"https:\/\/www.address-expert.com\/en\/wp-json\/wp\/v2\/media?parent=172"}],"curies":[{"name":"wp","href":"https:\/\/api.w.org\/{rel}","templated":true}]}}