{"id":1519,"date":"2020-08-22T08:38:21","date_gmt":"2020-08-22T08:38:21","guid":{"rendered":"https:\/\/www.address-expert.com\/?page_id=1519"},"modified":"2022-02-11T13:59:22","modified_gmt":"2022-02-11T13:59:22","slug":"reformatage-et-standardisation","status":"publish","type":"page","link":"https:\/\/www.address-expert.com\/en\/reformatage-et-standardisation\/","title":{"rendered":"Reformatage et standardisation"},"content":{"rendered":"\n[et_pb_section fb_built=\u00a0\u00bb1&Prime; admin_label=\u00a0\u00bbOur Approach\u00a0\u00bb _builder_version=\u00a0\u00bb3.22&Prime; custom_padding=\u00a0\u00bb113px|||||\u00a0\u00bb][et_pb_row column_structure=\u00a0\u00bb1_2,1_2&Prime; _builder_version=\u00a0\u00bb3.27.2&Prime; custom_margin=\u00a0\u00bb|auto|-3px|auto||\u00a0\u00bb custom_padding=\u00a0\u00bb0px|||||\u00a0\u00bb][et_pb_column type=\u00a0\u00bb1_2&Prime; _builder_version=\u00a0\u00bb3.25&Prime; custom_padding=\u00a0\u00bb|||\u00a0\u00bb custom_padding__hover=\u00a0\u00bb|||\u00a0\u00bb][et_pb_text _builder_version=\u00a0\u00bb4.7.7&Prime; hover_enabled=\u00a0\u00bb0&Prime; sticky_enabled=\u00a0\u00bb0&Prime;]<h1 style=\"text-align: left;\">TRAITEMENT D\u2019ENRICHISSEMENT, STANDARDISATION ET REFORMATAGES.<\/h1>\n<p>&nbsp;<\/p>[\/et_pb_text][\/et_pb_column][et_pb_column type=\u00a0\u00bb1_2&Prime; _builder_version=\u00a0\u00bb3.27.4&Prime;][et_pb_image src=\u00a0\u00bbhttps:\/\/www.address-expert.com\/wp-content\/uploads\/2020\/08\/Image-alphabets-locaux.png\u00a0\u00bb alt=\u00a0\u00bbL&rsquo;enrichissement B2C, un atout pour vos donn\u00e9es\u00a0\u00bb title_text=\u00a0\u00bbImage alphabets locaux\u00a0\u00bb align=\u00a0\u00bbcenter\u00a0\u00bb _builder_version=\u00a0\u00bb4.5.6&Prime; background_color=\u00a0\u00bb#ffffff\u00a0\u00bb use_background_color_gradient=\u00a0\u00bbon\u00a0\u00bb background_color_gradient_start=\u00a0\u00bb#ffffff\u00a0\u00bb background_color_gradient_end=\u00a0\u00bb#ffffff\u00a0\u00bb background_color_gradient_direction=\u00a0\u00bb1deg\u00a0\u00bb transform_translate=\u00a0\u00bb0px|-1px\u00a0\u00bb box_shadow_style=\u00a0\u00bbpreset2&Prime; src__hover_enabled=\u00a0\u00bbon|desktop\u00a0\u00bb transform_styles__hover_enabled=\u00a0\u00bbon|hover\u00a0\u00bb transform_scale__hover_enabled=\u00a0\u00bbon|hover\u00a0\u00bb transform_translate__hover_enabled=\u00a0\u00bbon|desktop\u00a0\u00bb transform_rotate__hover_enabled=\u00a0\u00bbon|desktop\u00a0\u00bb transform_skew__hover_enabled=\u00a0\u00bbon|desktop\u00a0\u00bb transform_origin__hover_enabled=\u00a0\u00bbon|desktop\u00a0\u00bb transform_scale__hover=\u00a0\u00bb190%|190%\u00a0\u00bb][\/et_pb_image][\/et_pb_column][\/et_pb_row][et_pb_row _builder_version=\u00a0\u00bb4.5.6&Prime; width=\u00a0\u00bb77%\u00a0\u00bb module_alignment=\u00a0\u00bbcenter\u00a0\u00bb custom_margin=\u00a0\u00bb|auto||411px||\u00a0\u00bb custom_padding=\u00a0\u00bb0px|||0px||\u00a0\u00bb][et_pb_column type=\u00a0\u00bb4_4&Prime; _builder_version=\u00a0\u00bb3.25&Prime; custom_padding=\u00a0\u00bb|||\u00a0\u00bb custom_padding__hover=\u00a0\u00bb|||\u00a0\u00bb][et_pb_text _builder_version=\u00a0\u00bb4.5.6&Prime; text_font=\u00a0\u00bbOpen Sans||||||||\u00a0\u00bb text_font_size=\u00a0\u00bb16px\u00a0\u00bb text_line_height=\u00a0\u00bb1.8em\u00a0\u00bb max_width=\u00a0\u00bb100%\u00a0\u00bb max_width_last_edited=\u00a0\u00bboff|desktop\u00a0\u00bb custom_margin=\u00a0\u00bb|-658px||||\u00a0\u00bb text_font_size_tablet=\u00a0\u00bb16px\u00a0\u00bb text_font_size_phone=\u00a0\u00bb14px\u00a0\u00bb text_font_size_last_edited=\u00a0\u00bbon|phone\u00a0\u00bb]<p style=\"text-align: left;\"><span style=\"color: #000000; font-size: 16px;\">La fiabilit\u00e9 des donn\u00e9es ne concerne pas uniquement les composantes postales des donn\u00e9es de vos clients, mais \u00e9galement les autres \u00e9l\u00e9ments.<\/span><\/p>\n<p style=\"text-align: left;\"><span style=\"color: #000000;\"><strong> Traitement des civilit\u00e9s<\/strong><br \/> Il est r\u00e9alis\u00e9 gr\u00e2ce \u00e0 une table de 125 000 \u00e9l\u00e9ments en regard des pays d\u2019origine, ce qui permet la s\u00e9paration entre le nom et le pr\u00e9nom s\u2019ils sont saisis ensemble et ceci en vue d\u2019attribuer un code \u00ab civilit\u00e9 \u00bb.<br \/> Cette table contient des pr\u00e9noms europ\u00e9ens, slaves, celtes, h\u00e9breux, chinois, \u2026<br \/> Tous pays confondus, il y a une possibilit\u00e9 d\u2019attribuer, selon le pr\u00e9nom de la personne et son pays, 1.236.000 cas d\u2019enrichissement de civilit\u00e9s diff\u00e9rentes.<\/span><span style=\"color: #000000;\"><br \/> <\/span><\/p>\n<p style=\"text-align: left;\"><span style=\"color: #000000;\"><strong>Structure et reformatage de l\u2019email<\/strong><br \/> &#8211; Adresse email : nous v\u00e9rifions sa structure, en validant la pr\u00e9sence des \u00e9l\u00e9ments essentiels \u00e0 son acheminement (arobase, extension\u2026.)<br \/> <\/span><\/p>\n<p style=\"text-align: left;\"><span style=\"color: #000000;\"><strong>Structure et reformatage du N\u00b0 de t\u00e9l\u00e9phone ou fax sur le monde entier<\/strong><br \/> &#8211; Num\u00e9ro de t\u00e9l\u00e9phone\/fax : Un traitement adapt\u00e9 permet de les standardiser, et d\u2019identifier s\u2019il s\u2019agit d\u2019une ligne fixe ou mobile.<br \/> <\/span><\/p>\n<p style=\"text-align: left;\"><span style=\"color: #000000;\">Nous proc\u00e9dons au reformatage des num\u00e9ros de t\u00e9l\u00e9phone et\/ou des num\u00e9ros de fax selon la norme locale en vigueur dans le pays.<br \/> <\/span><\/p>\n<p style=\"text-align: left;\"><span style=\"color: #000000;\">Le processus est bas\u00e9 sur le r\u00e9f\u00e9rentiel international des num\u00e9ros de t\u00e9l\u00e9phone et de fax.<br \/> <\/span><\/p>\n<p style=\"text-align: left;\"><span style=\"color: #000000;\">Ce r\u00e9f\u00e9rentiel contient les codes ISO des pays, le libell\u00e9 en fran\u00e7ais et en anglais des pays, l&rsquo;indicatif international, la longueur et le format des num\u00e9ros de t\u00e9l\u00e9phone et de fax, l&rsquo;extension internet ainsi que la zone g\u00e9ographique.<br \/> <\/span><\/p>\n<p style=\"text-align: left;\"><span style=\"color: #000000;\">Gr\u00e2ce \u00e0 la cr\u00e9ation d&rsquo;algorithmes au profil sp\u00e9cifique, les num\u00e9ros de t\u00e9l\u00e9phone et de fax peuvent \u00eatre reformat\u00e9s.<br \/> <\/span><\/p>\n<p style=\"text-align: left;\"><span style=\"color: #000000;\">Nous attirons votre attention sur le fait qu&rsquo;il s&rsquo;agit d&rsquo;un reformatage \u00e0 la norme locale et non d&rsquo;une correction de ces num\u00e9ros de fax, c&rsquo;est-\u00e0-dire qu&rsquo;il s&rsquo;agit de v\u00e9rifier si la longueur et le formatage du num\u00e9ro sont corrects en fonction du pays.<\/span><\/p>\n<p style=\"text-align: left;\"><\/p>[\/et_pb_text][et_pb_button button_text=\u00a0\u00bbServices connexes\u00a0\u00bb _builder_version=\u00a0\u00bb3.27.2&Prime; custom_button=\u00a0\u00bbon\u00a0\u00bb button_text_size=\u00a0\u00bb15px\u00a0\u00bb button_text_color=\u00a0\u00bb#ffffff\u00a0\u00bb button_bg_color=\u00a0\u00bb#15314e\u00a0\u00bb button_bg_color_gradient_start=\u00a0\u00bb#ffa727&Prime; button_bg_color_gradient_end=\u00a0\u00bb#FF8A3D\u00a0\u00bb button_bg_color_gradient_direction=\u00a0\u00bb90deg\u00a0\u00bb button_border_width=\u00a0\u00bb0px\u00a0\u00bb button_border_radius=\u00a0\u00bb100px\u00a0\u00bb button_letter_spacing=\u00a0\u00bb5px\u00a0\u00bb button_font=\u00a0\u00bbOpen Sans|700||on|||||\u00a0\u00bb button_use_icon=\u00a0\u00bboff\u00a0\u00bb custom_margin=\u00a0\u00bb||1px|||\u00a0\u00bb custom_padding=\u00a0\u00bb16px|32px|16px|32px|true|true\u00a0\u00bb button_border_radius_hover=\u00a0\u00bb100px\u00a0\u00bb button_letter_spacing_hover=\u00a0\u00bb5px\u00a0\u00bb button_bg_color_hover=\u00a0\u00bb#3980f9&Prime; button_text_size__hover_enabled=\u00a0\u00bboff\u00a0\u00bb button_one_text_size__hover_enabled=\u00a0\u00bboff\u00a0\u00bb button_two_text_size__hover_enabled=\u00a0\u00bboff\u00a0\u00bb button_text_color__hover_enabled=\u00a0\u00bboff\u00a0\u00bb button_one_text_color__hover_enabled=\u00a0\u00bboff\u00a0\u00bb button_two_text_color__hover_enabled=\u00a0\u00bboff\u00a0\u00bb button_border_width__hover_enabled=\u00a0\u00bboff\u00a0\u00bb button_one_border_width__hover_enabled=\u00a0\u00bboff\u00a0\u00bb button_two_border_width__hover_enabled=\u00a0\u00bboff\u00a0\u00bb button_border_color__hover_enabled=\u00a0\u00bboff\u00a0\u00bb button_one_border_color__hover_enabled=\u00a0\u00bboff\u00a0\u00bb button_two_border_color__hover_enabled=\u00a0\u00bboff\u00a0\u00bb button_border_radius__hover_enabled=\u00a0\u00bbon\u00a0\u00bb button_border_radius__hover=\u00a0\u00bb100px\u00a0\u00bb button_one_border_radius__hover_enabled=\u00a0\u00bboff\u00a0\u00bb button_two_border_radius__hover_enabled=\u00a0\u00bboff\u00a0\u00bb button_letter_spacing__hover_enabled=\u00a0\u00bbon\u00a0\u00bb button_letter_spacing__hover=\u00a0\u00bb5px\u00a0\u00bb button_one_letter_spacing__hover_enabled=\u00a0\u00bboff\u00a0\u00bb button_two_letter_spacing__hover_enabled=\u00a0\u00bboff\u00a0\u00bb button_bg_color__hover_enabled=\u00a0\u00bbon\u00a0\u00bb button_bg_color__hover=\u00a0\u00bb#3980f9&Prime; button_one_bg_color__hover_enabled=\u00a0\u00bboff\u00a0\u00bb button_two_bg_color__hover_enabled=\u00a0\u00bboff\u00a0\u00bb][\/et_pb_button][et_pb_text _builder_version=\u00a0\u00bb4.5.6&Prime; text_font=\u00a0\u00bbOpen Sans||||||||\u00a0\u00bb text_font_size=\u00a0\u00bb16px\u00a0\u00bb text_line_height=\u00a0\u00bb1.8em\u00a0\u00bb max_width=\u00a0\u00bb100%\u00a0\u00bb max_width_last_edited=\u00a0\u00bboff|desktop\u00a0\u00bb min_height=\u00a0\u00bb83px\u00a0\u00bb custom_margin=\u00a0\u00bb|-658px||||\u00a0\u00bb custom_padding=\u00a0\u00bb||0px|||\u00a0\u00bb text_font_size_tablet=\u00a0\u00bb16px\u00a0\u00bb text_font_size_phone=\u00a0\u00bb14px\u00a0\u00bb text_font_size_last_edited=\u00a0\u00bbon|phone\u00a0\u00bb]<p><span style=\"font-size: 16px;\">\u00a0<\/span><\/p>\n<ul>\n<li style=\"text-align: left;\"><a href=\"https:\/\/www.address-expert.com\/fr\/norme-postale\/\">Normalisation postale<\/a><\/li>\n<li style=\"text-align: left;\"><span><\/span><a href=\"https:\/\/www.address-expert.com\/fr\/traitement-de-standardisation-et-reformatages\/\"><span>Traitement des civilit\u00e9s, reformatage des n\u00b0 de t\u00e9l\u00e9phone \/ fax, v\u00e9rification syntaxe email<\/span><\/a><\/li>\n<li style=\"text-align: left;\"><a href=\"https:\/\/www.address-expert.com\/fr\/deduplication\/\">D\u00e9duplication\/d\u00e9doublonnage\u00a0<\/a><\/li>\n<li style=\"text-align: left;\"><a href=\"https:\/\/www.address-expert.com\/fr\/location-de-fichiers\/\"><span>Listes repoussoirs \/ do-not-mail<\/span><\/a><\/li>\n<li style=\"text-align: left;\"><a href=\"https:\/\/www.address-expert.com\/fr\/enrichissements\/\"><span>Enrichissement de donn\u00e9es B2B et B2C<\/span><\/a><\/li>\n<\/ul>[\/et_pb_text][\/et_pb_column][\/et_pb_row][\/et_pb_section]\n<span class=\"et_bloom_bottom_trigger\"><\/span>","protected":false},"excerpt":{"rendered":"<p>TRAITEMENT D\u2019ENRICHISSEMENT, STANDARDISATION ET REFORMATAGES. &nbsp;La fiabilit\u00e9 des donn\u00e9es ne concerne pas uniquement les composantes postales des donn\u00e9es de vos clients, mais \u00e9galement les autres \u00e9l\u00e9ments. Traitement des civilit\u00e9s Il est r\u00e9alis\u00e9 gr\u00e2ce \u00e0 une table de 125 000 \u00e9l\u00e9ments en regard des pays d\u2019origine, ce qui permet la s\u00e9paration entre le nom et le [&hellip;]<\/p>\n","protected":false},"author":2,"featured_media":0,"parent":0,"menu_order":0,"comment_status":"closed","ping_status":"closed","template":"","meta":{"_et_pb_use_builder":"on","_et_pb_old_content":"","_et_gb_content_width":"","_monsterinsights_skip_tracking":false,"_monsterinsights_sitenote_active":false,"_monsterinsights_sitenote_note":"","_monsterinsights_sitenote_category":0,"footnotes":""},"class_list":["post-1519","page","type-page","status-publish","hentry"],"_links":{"self":[{"href":"https:\/\/www.address-expert.com\/en\/wp-json\/wp\/v2\/pages\/1519","targetHints":{"allow":["GET"]}}],"collection":[{"href":"https:\/\/www.address-expert.com\/en\/wp-json\/wp\/v2\/pages"}],"about":[{"href":"https:\/\/www.address-expert.com\/en\/wp-json\/wp\/v2\/types\/page"}],"author":[{"embeddable":true,"href":"https:\/\/www.address-expert.com\/en\/wp-json\/wp\/v2\/users\/2"}],"replies":[{"embeddable":true,"href":"https:\/\/www.address-expert.com\/en\/wp-json\/wp\/v2\/comments?post=1519"}],"version-history":[{"count":5,"href":"https:\/\/www.address-expert.com\/en\/wp-json\/wp\/v2\/pages\/1519\/revisions"}],"predecessor-version":[{"id":2070,"href":"https:\/\/www.address-expert.com\/en\/wp-json\/wp\/v2\/pages\/1519\/revisions\/2070"}],"wp:attachment":[{"href":"https:\/\/www.address-expert.com\/en\/wp-json\/wp\/v2\/media?parent=1519"}],"curies":[{"name":"wp","href":"https:\/\/api.w.org\/{rel}","templated":true}]}}