{"id":2101,"date":"2023-09-28T15:27:46","date_gmt":"2023-09-28T15:27:46","guid":{"rendered":"https:\/\/www.address-expert.com\/?page_id=2101"},"modified":"2023-12-03T17:17:45","modified_gmt":"2023-12-03T17:17:45","slug":"gestion-des-prenoms","status":"publish","type":"page","link":"http:\/\/www.address-expert.com\/fr\/gestion-des-prenoms\/","title":{"rendered":"Gestion des Pr\u00e9noms"},"content":{"rendered":"<p>[et_pb_section fb_built=\u00a0\u00bb1&Prime; admin_label=\u00a0\u00bbOur Approach\u00a0\u00bb _builder_version=\u00a0\u00bb4.17.6&Prime; custom_padding=\u00a0\u00bb124px|||||\u00a0\u00bb global_colors_info=\u00a0\u00bb{}\u00a0\u00bb][et_pb_row column_structure=\u00a0\u00bb1_2,1_2&Prime; _builder_version=\u00a0\u00bb4.16&Prime; custom_margin=\u00a0\u00bb|auto|-3px|auto||\u00a0\u00bb custom_padding=\u00a0\u00bb0px|||||\u00a0\u00bb global_colors_info=\u00a0\u00bb{}\u00a0\u00bb][et_pb_column type=\u00a0\u00bb1_2&Prime; _builder_version=\u00a0\u00bb4.16&Prime; custom_padding=\u00a0\u00bb|||\u00a0\u00bb global_colors_info=\u00a0\u00bb{}\u00a0\u00bb custom_padding__hover=\u00a0\u00bb|||\u00a0\u00bb][et_pb_text _builder_version=\u00a0\u00bb4.16&Prime; global_colors_info=\u00a0\u00bb{}\u00a0\u00bb]<\/p>\n<h1 style=\"text-align: left;\">Acc\u00e9dez \u00e0 nos bases de pr\u00e9noms internationaux<\/h1>\n<p>[\/et_pb_text][\/et_pb_column][et_pb_column type=\u00a0\u00bb1_2&Prime; _builder_version=\u00a0\u00bb4.16&Prime; global_colors_info=\u00a0\u00bb{}\u00a0\u00bb][et_pb_image src=\u00a0\u00bbhttps:\/\/www.address-expert.com\/wp-content\/uploads\/2019\/09\/Roger-1.png\u00a0\u00bb alt=\u00a0\u00bbTraitement des d\u00e9m\u00e9nag\u00e9s\u00a0\u00bb title_text=\u00a0\u00bbRoger\u00a0\u00bb _builder_version=\u00a0\u00bb4.17.6&Prime; _module_preset=\u00a0\u00bbdefault\u00a0\u00bb background_color=\u00a0\u00bbrgba(0,0,0,0)\u00a0\u00bb animation_style=\u00a0\u00bbfade\u00a0\u00bb box_shadow_style=\u00a0\u00bbpreset2&Prime; global_colors_info=\u00a0\u00bb{}\u00a0\u00bb src__hover_enabled=\u00a0\u00bboff|desktop\u00a0\u00bb transform_styles__hover_enabled=\u00a0\u00bbon|hover\u00a0\u00bb transform_scale__hover_enabled=\u00a0\u00bbon|hover\u00a0\u00bb transform_translate__hover_enabled=\u00a0\u00bbon|desktop\u00a0\u00bb transform_rotate__hover_enabled=\u00a0\u00bbon|desktop\u00a0\u00bb transform_skew__hover_enabled=\u00a0\u00bbon|desktop\u00a0\u00bb transform_origin__hover_enabled=\u00a0\u00bbon|desktop\u00a0\u00bb transform_scale__hover=\u00a0\u00bb202%|202%\u00a0\u00bb transform_translate__hover=\u00a0\u00bb-145px|4px\u00a0\u00bb background__hover_enabled=\u00a0\u00bbon|desktop\u00a0\u00bb][\/et_pb_image][\/et_pb_column][\/et_pb_row][et_pb_row _builder_version=\u00a0\u00bb4.16&Prime; width=\u00a0\u00bb77%\u00a0\u00bb module_alignment=\u00a0\u00bbcenter\u00a0\u00bb custom_margin=\u00a0\u00bb|auto||411px||\u00a0\u00bb custom_padding=\u00a0\u00bb0px|||0px||\u00a0\u00bb global_colors_info=\u00a0\u00bb{}\u00a0\u00bb][et_pb_column type=\u00a0\u00bb4_4&Prime; _builder_version=\u00a0\u00bb4.16&Prime; custom_padding=\u00a0\u00bb|||\u00a0\u00bb global_colors_info=\u00a0\u00bb{}\u00a0\u00bb custom_padding__hover=\u00a0\u00bb|||\u00a0\u00bb][et_pb_text _builder_version=\u00a0\u00bb4.17.6&Prime; text_font=\u00a0\u00bbOpen Sans||||||||\u00a0\u00bb text_font_size=\u00a0\u00bb16px\u00a0\u00bb text_line_height=\u00a0\u00bb1.8em\u00a0\u00bb max_width=\u00a0\u00bb100%\u00a0\u00bb max_width_last_edited=\u00a0\u00bboff|desktop\u00a0\u00bb custom_margin=\u00a0\u00bb|-658px||||\u00a0\u00bb custom_padding=\u00a0\u00bb97px|0px||||\u00a0\u00bb hover_enabled=\u00a0\u00bb0&Prime; text_font_size_tablet=\u00a0\u00bb16px\u00a0\u00bb text_font_size_phone=\u00a0\u00bb14px\u00a0\u00bb text_font_size_last_edited=\u00a0\u00bbon|phone\u00a0\u00bb global_colors_info=\u00a0\u00bb{}\u00a0\u00bb sticky_enabled=\u00a0\u00bb0&Prime;]<\/p>\n<p style=\"text-align: left;\"><span style=\"color: #000000;\">Acc\u00e9dez \u00e0 nos bases des <strong>pr\u00e9noms internationaux<\/strong> couvrant plus de <strong>125 000 pr\u00e9noms<\/strong> du monde entier. Ceci permet plus de <strong>1 236 000 combinaisons<\/strong>,\u00a0 dont l&rsquo;utilit\u00e9 sera pertinente pour l\u2019optimisation de vos bases de donn\u00e9es internationales : qu\u2019il s\u2019agisse <strong>d\u2019aide \u00e0 la saisie<\/strong> via un formulaire, de <strong>segmentation<\/strong>, ou bien d\u2019am\u00e9lioration de <strong>l\u2019exp\u00e9rience client<\/strong>, disposer d\u2019un r\u00e9f\u00e9rentiel de pr\u00e9noms \u00e0 l\u2019international s\u2019av\u00e8re un atout ind\u00e9niable.<\/span><\/p>\n<p style=\"text-align: left;\"><span style=\"color: #000000;\">\u00a0<\/span><\/p>\n<p style=\"text-align: left;\"><span style=\"color: #000000;\"><strong style=\"color: #0c71c3; font-size: 16px;\">La gestion des pr\u00e9noms dans une base de donn\u00e9es pr\u00e9sente plusieurs avantages :<\/strong><\/span><\/p>\n<p style=\"text-align: left;\"><span style=\"color: #000000;\"><strong><em>Identification pr\u00e9cise<\/em><\/strong> : En enregistrant les pr\u00e9noms des individus dans une base de donn\u00e9es internationale, il devient plus facile de les identifier de mani\u00e8re unique. Cela permet d&rsquo;\u00e9viter les confusions ou les erreurs li\u00e9es \u00e0 des homonymes.<\/span><\/p>\n<p style=\"text-align: left;\"><span style=\"color: #000000;\"><strong><em>Personnalisation des interactions<\/em><\/strong> : gr\u00e2ce aux pr\u00e9noms des individus, vous pouvez personnaliser les interactions avec eux. Que ce soit dans vos applications ou votre site web, ou encore vos campagnes de marketing direct, vous pouvez utiliser leur pr\u00e9nom pour leur envoyer des messages personnalis\u00e9s, ce qui am\u00e9liore grandement l&rsquo;exp\u00e9rience utilisateur.<\/span><\/p>\n<p style=\"text-align: left;\"><span style=\"color: #000000;\"><strong><em>Analyse d\u00e9mographique<\/em><\/strong> : Les pr\u00e9noms peuvent fournir des informations utiles pour effectuer des analyses d\u00e9mographiques. L\u2019\u00e9tude des pr\u00e9noms les plus courants dans votre base de donn\u00e9es vous permettra d\u2019obtenir des insights sur la r\u00e9partition g\u00e9ographique, les tendances culturelles et bien s\u00fbr les structures g\u00e9n\u00e9rationnelles en mod\u00e9lisant une tranche d\u2019\u00e2ge.<\/span><\/p>\n<p style=\"text-align: left;\"><span style=\"color: #000000;\"><strong><em>Communication cibl\u00e9e<\/em><\/strong> : Si vous devez envoyer des communications cibl\u00e9es \u00e0 des individus pr\u00e9sents dans votre base de donn\u00e9es fran\u00e7aise ou internationale, conna\u00eetre leurs pr\u00e9noms peut \u00eatre b\u00e9n\u00e9fique. Vous pouvez personnaliser les e-mails ou les messages en utilisant leur pr\u00e9nom, ce qui peut accro\u00eetre l&rsquo;engagement et l&rsquo;efficacit\u00e9 de vos communications.<\/span><\/p>\n<p style=\"text-align: left;\"><span style=\"color: #000000;\"><strong><em>Analyse statistique<\/em><\/strong> : Les pr\u00e9noms peuvent \u00e9galement \u00eatre utilis\u00e9s dans des analyses statistiques. Par exemple, vous pouvez \u00e9tudier la distribution des pr\u00e9noms pour d\u00e9tecter des tendances, des corr\u00e9lations ou des sch\u00e9mas int\u00e9ressants. Cela est un des indicateurs les plus utiles pour vos actions de marketing.<\/span><\/p>\n<p style=\"text-align: left;\"><span style=\"color: #000000;\">En conclusion, g\u00e9rer les pr\u00e9noms dans une base de donn\u00e9es permet d&rsquo;am\u00e9liorer l&rsquo;identification des individus, de personnaliser les interactions, d&rsquo;effectuer des analyses d\u00e9mographiques, de communiquer de mani\u00e8re cibl\u00e9e et de mener des analyses statistiques.<\/span><\/p>\n<p style=\"text-align: left;\"><span style=\"color: #000000;\">Ces avantages contribuent \u00e0 une meilleure compr\u00e9hension de votre cible et \u00e0 une am\u00e9lioration de la pertinence de vos interactions et de vos actions avec vos clients et prospects.<\/span><\/p>\n<p style=\"text-align: left;\"><span style=\"color: #000000;\"><strong style=\"color: #0c71c3; font-size: 16px;\">Comment g\u00e9rer les pr\u00e9noms internationaux\u00a0?<\/strong><\/span><\/p>\n<p style=\"text-align: left;\"><span style=\"color: #000000;\">La gestion des pr\u00e9noms internationaux dans une base de donn\u00e9es multi-pays peut pr\u00e9senter certains d\u00e9fis, car les pr\u00e9noms varient d&rsquo;une culture \u00e0 l\u2019autre et peuvent suivre des conventions diff\u00e9rentes. Voici quelques approches pour g\u00e9rer les pr\u00e9noms internationaux :<\/span><\/p>\n<p style=\"text-align: left;\"><span style=\"color: #000000;\"><strong><em>Stockage des pr\u00e9noms<\/em><\/strong> : Assurez-vous que le champ de stockage des pr\u00e9noms dans la base de donn\u00e9es internationale permet une longueur suffisante pour prendre en compte des pr\u00e9noms de diff\u00e9rentes longueurs. Certains pr\u00e9noms internationaux peuvent \u00eatre plus longs que les pr\u00e9noms couramment utilis\u00e9s dans d&rsquo;autres cultures.<\/span><\/p>\n<p style=\"text-align: left;\"><span style=\"color: #000000;\"><strong><em>Encodage des caract\u00e8res<\/em><\/strong> : V\u00e9rifiez que votre base de donn\u00e9es internationale prend en charge l&rsquo;encodage de caract\u00e8res appropri\u00e9 pour tenir compte des diff\u00e9rents alphabets et caract\u00e8res sp\u00e9ciaux utilis\u00e9s dans les pr\u00e9noms internationaux. Par exemple, l&rsquo;encodage Unicode (UTF-8) est couramment utilis\u00e9 pour prendre en charge une large gamme de caract\u00e8res.<\/span><\/p>\n<p style=\"text-align: left;\"><span style=\"color: #000000;\"><strong><em>Validation des formats<\/em><\/strong> : \u00c9tablissez des r\u00e8gles de validation appropri\u00e9es pour les pr\u00e9noms internationaux afin de garantir que les pr\u00e9noms entr\u00e9s dans la base de donn\u00e9es respectent les conventions culturelles. Cela peut inclure des restrictions sur les caract\u00e8res sp\u00e9ciaux, les chiffres ou les espaces.<\/span><\/p>\n<p style=\"text-align: left;\"><span style=\"color: #000000;\"><strong><em>Flexibilit\u00e9 dans les formats<\/em><\/strong> : \u00c9tant donn\u00e9 que les pr\u00e9noms peuvent \u00eatre pr\u00e9sent\u00e9s dans diff\u00e9rents formats selon les cultures, il peut \u00eatre utile de pr\u00e9voir des champs suppl\u00e9mentaires dans la base de donn\u00e9es pour permettre aux utilisateurs de sp\u00e9cifier le format pr\u00e9f\u00e9r\u00e9 de leur pr\u00e9nom (par exemple, nom de famille en premier ou pr\u00e9noms multiples, abr\u00e9viations, etc).<\/span><\/p>\n<p style=\"text-align: left;\"><span style=\"color: #000000;\"><strong><em>Donn\u00e9es suppl\u00e9mentaires<\/em><\/strong> : En plus du pr\u00e9nom lui-m\u00eame, vous pouvez envisager de collecter des donn\u00e9es suppl\u00e9mentaires telles que le pays d&rsquo;origine, la langue maternelle ou des informations culturelles pertinentes. Cela peut faciliter une meilleure compr\u00e9hension et une utilisation appropri\u00e9e des pr\u00e9noms internationaux dans votre syst\u00e8me.<\/span><\/p>\n<p style=\"text-align: left;\"><span style=\"color: #000000;\"><strong><em>Saisie automatique<\/em><\/strong> : Si vous souhaitez fournir des fonctionnalit\u00e9s telles que l&rsquo;auto-compl\u00e9tion ou la recherche de pr\u00e9noms, vous devrez prendre en compte les sp\u00e9cificit\u00e9s des diff\u00e9rents alphabets et syst\u00e8mes d&rsquo;\u00e9criture pour garantir une recherche efficace et pr\u00e9cise.<\/span><\/p>\n<p style=\"text-align: left;\"><span style=\"color: #000000;\">Il est \u00e9galement important de reconna\u00eetre que les pr\u00e9noms sont souvent culturellement sensibles et que le respect de la diversit\u00e9 culturelle est essentiel lors de la collecte, du stockage et de l&rsquo;utilisation des pr\u00e9noms internationaux.<\/span><\/p>\n<p style=\"text-align: left;\"><span style=\"color: #000000;\"><strong style=\"color: #0c71c3; font-size: 16px;\">P\u00e9rim\u00e8tre d\u2019intervention<\/strong><\/span><\/p>\n<p style=\"text-align: left;\"><span style=\"color: #000000;\">France<\/span><\/p>\n<p style=\"text-align: left;\"><span style=\"color: #000000;\">Europe et international (plus de 12 pays dans le monde)<\/span><\/p>\n<p style=\"text-align: left;\"><span style=\"color: #000000;\"><strong style=\"color: #0c71c3; font-size: 16px;\">Mise en \u0153uvre <\/strong><\/span><\/p>\n<p style=\"text-align: left;\"><span style=\"color: #000000;\"><a href=\"https:\/\/www.address-expert.com\/fr\/solutions\/\" style=\"color: #000000;\">Prestation de service en mode \u00ab Service bureau \u00bb \/ One shot<\/a><\/span><\/p>\n<p style=\"text-align: left;\"><span style=\"color: #000000;\"><a href=\"https:\/\/www.address-expert.com\/fr\/solutions\/\" style=\"color: #000000;\">Saas : automatisation des processus en mode batch<\/a><\/span><\/p>\n<p style=\"text-align: left;\">[\/et_pb_text][et_pb_button button_text=\u00a0\u00bbServices connexes\u00a0\u00bb _builder_version=\u00a0\u00bb4.16&Prime; custom_button=\u00a0\u00bbon\u00a0\u00bb button_text_size=\u00a0\u00bb15px\u00a0\u00bb button_text_color=\u00a0\u00bb#ffffff\u00a0\u00bb button_bg_color=\u00a0\u00bb#15314e\u00a0\u00bb button_bg_color_gradient_direction=\u00a0\u00bb90deg\u00a0\u00bb button_bg_color_gradient_stops=\u00a0\u00bb#ffa727 0%|#FF8A3D 100%\u00a0\u00bb button_bg_color_gradient_start=\u00a0\u00bb#ffa727&Prime; button_bg_color_gradient_end=\u00a0\u00bb#FF8A3D\u00a0\u00bb button_border_width=\u00a0\u00bb0px\u00a0\u00bb button_border_radius=\u00a0\u00bb100px\u00a0\u00bb button_letter_spacing=\u00a0\u00bb5px\u00a0\u00bb button_font=\u00a0\u00bbOpen Sans|700||on|||||\u00a0\u00bb button_use_icon=\u00a0\u00bboff\u00a0\u00bb custom_margin=\u00a0\u00bb||1px|||\u00a0\u00bb custom_padding=\u00a0\u00bb16px|32px|16px|32px|true|true\u00a0\u00bb button_border_radius_hover=\u00a0\u00bb100px\u00a0\u00bb button_letter_spacing_hover=\u00a0\u00bb5px\u00a0\u00bb button_bg_color_hover=\u00a0\u00bb#3980f9&Prime; global_colors_info=\u00a0\u00bb{}\u00a0\u00bb button_text_size__hover_enabled=\u00a0\u00bboff\u00a0\u00bb button_one_text_size__hover_enabled=\u00a0\u00bboff\u00a0\u00bb button_two_text_size__hover_enabled=\u00a0\u00bboff\u00a0\u00bb button_text_color__hover_enabled=\u00a0\u00bboff\u00a0\u00bb button_one_text_color__hover_enabled=\u00a0\u00bboff\u00a0\u00bb button_two_text_color__hover_enabled=\u00a0\u00bboff\u00a0\u00bb button_border_width__hover_enabled=\u00a0\u00bboff\u00a0\u00bb button_one_border_width__hover_enabled=\u00a0\u00bboff\u00a0\u00bb button_two_border_width__hover_enabled=\u00a0\u00bboff\u00a0\u00bb button_border_color__hover_enabled=\u00a0\u00bboff\u00a0\u00bb button_one_border_color__hover_enabled=\u00a0\u00bboff\u00a0\u00bb button_two_border_color__hover_enabled=\u00a0\u00bboff\u00a0\u00bb button_border_radius__hover_enabled=\u00a0\u00bbon\u00a0\u00bb button_border_radius__hover=\u00a0\u00bb100px\u00a0\u00bb button_one_border_radius__hover_enabled=\u00a0\u00bboff\u00a0\u00bb button_two_border_radius__hover_enabled=\u00a0\u00bboff\u00a0\u00bb button_letter_spacing__hover_enabled=\u00a0\u00bbon\u00a0\u00bb button_letter_spacing__hover=\u00a0\u00bb5px\u00a0\u00bb button_one_letter_spacing__hover_enabled=\u00a0\u00bboff\u00a0\u00bb button_two_letter_spacing__hover_enabled=\u00a0\u00bboff\u00a0\u00bb button_bg_color__hover_enabled=\u00a0\u00bbon\u00a0\u00bb button_bg_color__hover=\u00a0\u00bb#3980f9&Prime; button_one_bg_color__hover_enabled=\u00a0\u00bboff\u00a0\u00bb button_two_bg_color__hover_enabled=\u00a0\u00bboff\u00a0\u00bb][\/et_pb_button][et_pb_text _builder_version=\u00a0\u00bb4.16&Prime; text_font=\u00a0\u00bbOpen Sans||||||||\u00a0\u00bb text_font_size=\u00a0\u00bb16px\u00a0\u00bb text_line_height=\u00a0\u00bb1.8em\u00a0\u00bb max_width=\u00a0\u00bb100%\u00a0\u00bb max_width_last_edited=\u00a0\u00bboff|desktop\u00a0\u00bb min_height=\u00a0\u00bb83px\u00a0\u00bb custom_margin=\u00a0\u00bb|-658px||||\u00a0\u00bb custom_padding=\u00a0\u00bb||0px|||\u00a0\u00bb text_font_size_tablet=\u00a0\u00bb16px\u00a0\u00bb text_font_size_phone=\u00a0\u00bb14px\u00a0\u00bb text_font_size_last_edited=\u00a0\u00bbon|phone\u00a0\u00bb global_colors_info=\u00a0\u00bb{}\u00a0\u00bb]<\/p>\n<p><span style=\"font-size: 16px;\">\u00a0<\/span><\/p>\n<ul>\n<li style=\"text-align: left;\"><a href=\"https:\/\/www.address-expert.com\/fr\/norme-postale\/\">Normalisation postale<\/a><\/li>\n<li style=\"text-align: left;\"><span><\/span><a href=\"https:\/\/www.address-expert.com\/fr\/traitement-de-standardisation-et-reformatages\/\"><span>Traitement des civilit\u00e9s, reformatage des n\u00b0 de t\u00e9l\u00e9phone \/ fax, v\u00e9rification syntaxe email<\/span><\/a><\/li>\n<li style=\"text-align: left;\"><a href=\"https:\/\/www.address-expert.com\/fr\/deduplication\/\">D\u00e9duplication\/d\u00e9doublonnage\u00a0<\/a><\/li>\n<li style=\"text-align: left;\"><a href=\"https:\/\/www.address-expert.com\/fr\/location-de-fichiers\/\"><span>Listes repoussoirs \/ do-not-mail<\/span><\/a><\/li>\n<li style=\"text-align: left;\"><a href=\"https:\/\/www.address-expert.com\/fr\/enrichissements\/\"><span>Enrichissement de donn\u00e9es B2B et B2C<\/span><\/a><\/li>\n<\/ul>\n<p>[\/et_pb_text][\/et_pb_column][\/et_pb_row][\/et_pb_section]<\/p>\n<span class=\"et_bloom_bottom_trigger\"><\/span>","protected":false},"excerpt":{"rendered":"<p>Acc\u00e9dez \u00e0 nos bases de pr\u00e9noms internationauxAcc\u00e9dez \u00e0 nos bases des pr\u00e9noms internationaux couvrant plus de 125 000 pr\u00e9noms du monde entier. Ceci permet plus de 1 236 000 combinaisons,\u00a0 dont l&rsquo;utilit\u00e9 sera pertinente pour l\u2019optimisation de vos bases de donn\u00e9es internationales : qu\u2019il s\u2019agisse d\u2019aide \u00e0 la saisie via un formulaire, de segmentation, ou [&hellip;]<\/p>\n","protected":false},"author":2,"featured_media":0,"parent":0,"menu_order":0,"comment_status":"closed","ping_status":"closed","template":"","meta":{"_et_pb_use_builder":"on","_et_pb_old_content":"","_et_gb_content_width":"","_monsterinsights_skip_tracking":false,"_monsterinsights_sitenote_active":false,"_monsterinsights_sitenote_note":"","_monsterinsights_sitenote_category":0,"footnotes":""},"class_list":["post-2101","page","type-page","status-publish","hentry"],"_links":{"self":[{"href":"http:\/\/www.address-expert.com\/fr\/wp-json\/wp\/v2\/pages\/2101","targetHints":{"allow":["GET"]}}],"collection":[{"href":"http:\/\/www.address-expert.com\/fr\/wp-json\/wp\/v2\/pages"}],"about":[{"href":"http:\/\/www.address-expert.com\/fr\/wp-json\/wp\/v2\/types\/page"}],"author":[{"embeddable":true,"href":"http:\/\/www.address-expert.com\/fr\/wp-json\/wp\/v2\/users\/2"}],"replies":[{"embeddable":true,"href":"http:\/\/www.address-expert.com\/fr\/wp-json\/wp\/v2\/comments?post=2101"}],"version-history":[{"count":11,"href":"http:\/\/www.address-expert.com\/fr\/wp-json\/wp\/v2\/pages\/2101\/revisions"}],"predecessor-version":[{"id":2256,"href":"http:\/\/www.address-expert.com\/fr\/wp-json\/wp\/v2\/pages\/2101\/revisions\/2256"}],"wp:attachment":[{"href":"http:\/\/www.address-expert.com\/fr\/wp-json\/wp\/v2\/media?parent=2101"}],"curies":[{"name":"wp","href":"https:\/\/api.w.org\/{rel}","templated":true}]}}