{"id":1283,"date":"2020-06-28T21:09:32","date_gmt":"2020-06-28T21:09:32","guid":{"rendered":"https:\/\/www.address-expert.com\/?page_id=1283"},"modified":"2022-02-11T14:09:28","modified_gmt":"2022-02-11T14:09:28","slug":"traitement-de-standardisation-et-reformatages","status":"publish","type":"page","link":"http:\/\/www.address-expert.com\/fr\/traitement-de-standardisation-et-reformatages\/","title":{"rendered":"Standardisation et Reformatage"},"content":{"rendered":"\n[et_pb_section fb_built=\u00a0\u00bb1&Prime; admin_label=\u00a0\u00bbOur Approach\u00a0\u00bb _builder_version=\u00a0\u00bb4.4.8&Prime;][et_pb_row column_structure=\u00a0\u00bb1_2,1_2&Prime; _builder_version=\u00a0\u00bb3.27.2&Prime; custom_padding=\u00a0\u00bb36px|||||\u00a0\u00bb][et_pb_column type=\u00a0\u00bb1_2&Prime; _builder_version=\u00a0\u00bb3.25&Prime; custom_padding=\u00a0\u00bb|||\u00a0\u00bb custom_padding__hover=\u00a0\u00bb|||\u00a0\u00bb][et_pb_text _builder_version=\u00a0\u00bb4.5.6&Prime; text_font_size_tablet=\u00a0\u00bb\u00a0\u00bb text_font_size_phone=\u00a0\u00bb\u00a0\u00bb text_font_size_last_edited=\u00a0\u00bbon|phone\u00a0\u00bb]<h1 style=\"text-align: left;\">TRAITEMENT DE STANDARDISATION ET REFORMATAGES<\/h1>[\/et_pb_text][\/et_pb_column][et_pb_column type=\u00a0\u00bb1_2&Prime; _builder_version=\u00a0\u00bb3.25&Prime; custom_padding=\u00a0\u00bb|||\u00a0\u00bb custom_padding__hover=\u00a0\u00bb|||\u00a0\u00bb][et_pb_image src=\u00a0\u00bbhttps:\/\/www.address-expert.com\/wp-content\/uploads\/2019\/09\/Roger-1.png\u00a0\u00bb alt=\u00a0\u00bbPourquoi standardiser et reformater vos donn\u00e9es ?\u00a0\u00bb title_text=\u00a0\u00bbCivilit\u00e9s et reformatages\u00a0\u00bb _builder_version=\u00a0\u00bb4.4.9&Prime; custom_padding=\u00a0\u00bb0px|||||\u00a0\u00bb][\/et_pb_image][\/et_pb_column][\/et_pb_row][et_pb_row _builder_version=\u00a0\u00bb4.4.8&Prime; min_height=\u00a0\u00bb793px\u00a0\u00bb][et_pb_column type=\u00a0\u00bb4_4&Prime; _builder_version=\u00a0\u00bb4.4.8&Prime;][et_pb_text _builder_version=\u00a0\u00bb4.6.5&Prime; text_font=\u00a0\u00bbOpen Sans||||||||\u00a0\u00bb text_text_color=\u00a0\u00bb#000000&Prime; text_font_size=\u00a0\u00bb16px\u00a0\u00bb text_line_height=\u00a0\u00bb1.5em\u00a0\u00bb text_orientation=\u00a0\u00bbleft\u00a0\u00bb text_font_size_tablet=\u00a0\u00bb16px\u00a0\u00bb text_font_size_phone=\u00a0\u00bb14px\u00a0\u00bb text_font_size_last_edited=\u00a0\u00bbon|tablet\u00a0\u00bb]<p style=\"text-align: left;\"><span style=\"color: #0c71c3;\"><strong>Quels enjeux ?<\/strong><\/span><\/p>\n<p style=\"text-align: left;\"><span style=\"color: #000000;\">Les donn\u00e9es d\u2019aujourd\u2019hui sont collect\u00e9es via de multiples canaux et points de contact, ayant pour cons\u00e9quence un risque accru de voir des formats diff\u00e9rents pour une m\u00eame information.\u00a0<\/span><\/p>\n<p style=\"text-align: left;\"><span style=\"color: #000000;\">Ainsi, le but de la <strong>standardisation des donn\u00e9es<\/strong> est d\u2019assurer une interop\u00e9rabilit\u00e9 optimale des donn\u00e9es entre elles, en vue de leur exploitation marketing et connaissance client.\u00a0<\/span><\/p>\n<p style=\"text-align: left;\"><span style=\"color: #000000;\">Les <a href=\"https:\/\/www.address-expert.com\/fr\/reformatage-et-standardisation\/\"><strong>traitements de standardisation<\/strong><\/a>, en venant homog\u00e9n\u00e9iser la forme des donn\u00e9es collect\u00e9es, permet d\u2019en am\u00e9liorer la qualit\u00e9, en particulier pour des activit\u00e9s de data cleaning, data profiling et data matching.<\/span><\/p>\n<p style=\"text-align: left;\"><span style=\"color: #000000;\">Par ailleurs, vous optimiserez la relation avec vos clients en vous adressant \u00e0 eux avec la <strong>bonne civilit\u00e9<\/strong> associ\u00e9e \u00e0 leur pr\u00e9nom (cf Roger vs Roger)<\/span><\/p>\n<p style=\"text-align: left;\"><span style=\"color: #0c71c3;\"><strong>Nos solutions<\/strong><\/span><\/p>\n<p style=\"text-align: left;\"><span style=\"color: #000000;\">Reformatage des autres informations\u00a0<\/span><\/p>\n<p style=\"text-align: left;\"><span style=\"color: #000000;\">&#8211; <strong>T\u00e9l\u00e9phone<\/strong><\/span><\/p>\n<p style=\"text-align: left;\"><span style=\"color: #000000;\">&#8211; <strong>Email\u00a0<\/strong><\/span><\/p>\n<p style=\"text-align: left;\"><span style=\"color: #000000;\">&#8211; <strong>Gestion des civilit\u00e9s<\/strong> via table pr\u00e9noms mondiale<\/span><\/p>\n<p style=\"text-align: left;\"><span style=\"color: #000000;\">&#8211; <strong>Enrichissement des canaux de communication<\/strong> (t\u00e9l\u00e9phone\u00a0 &amp; email)<\/span><\/p>\n<p style=\"text-align: left;\"><span style=\"color: #0c71c3;\"><strong>P\u00e9rim\u00e8tre d\u2019intervention<\/strong><\/span><\/p>\n<p style=\"text-align: left;\"><span style=\"color: #000000;\">France\u00a0<\/span><\/p>\n<p style=\"text-align: left;\"><span style=\"color: #000000;\">International (+190 pays dans le monde)<\/span><\/p>\n<p style=\"text-align: left;\"><span style=\"color: #0c71c3;\"><strong>Mise en \u0153uvre<\/strong><\/span><\/p>\n<p style=\"text-align: left;\"><a href=\"https:\/\/www.address-expert.com\/fr\/solutions\/\">Prestation de service en mode \u00ab Service bureau \u00bb \/ One shot<\/a><\/p>\n<p style=\"text-align: left;\"><a href=\"https:\/\/www.address-expert.com\/fr\/solutions\/\">Saas : automatisation des processus en mode batch<\/a><\/p>\n<p style=\"text-align: left;\"><a href=\"https:\/\/www.address-expert.com\/fr\/solutions\/\">Mode transactionnel \/ web service<\/a><\/p>[\/et_pb_text][\/et_pb_column][\/et_pb_row][et_pb_row _builder_version=\u00a0\u00bb4.4.8&Prime;][et_pb_column type=\u00a0\u00bb4_4&Prime; _builder_version=\u00a0\u00bb4.4.8&Prime;][et_pb_button button_text=\u00a0\u00bbServices connexes\u00a0\u00bb _builder_version=\u00a0\u00bb3.27.2&Prime; custom_button=\u00a0\u00bbon\u00a0\u00bb button_text_size=\u00a0\u00bb15px\u00a0\u00bb button_text_color=\u00a0\u00bb#ffffff\u00a0\u00bb button_bg_color=\u00a0\u00bb#15314e\u00a0\u00bb button_bg_color_gradient_start=\u00a0\u00bb#ffa727&Prime; button_bg_color_gradient_end=\u00a0\u00bb#FF8A3D\u00a0\u00bb button_bg_color_gradient_direction=\u00a0\u00bb90deg\u00a0\u00bb button_border_width=\u00a0\u00bb0px\u00a0\u00bb button_border_radius=\u00a0\u00bb100px\u00a0\u00bb button_letter_spacing=\u00a0\u00bb5px\u00a0\u00bb button_font=\u00a0\u00bbOpen Sans|700||on|||||\u00a0\u00bb button_use_icon=\u00a0\u00bboff\u00a0\u00bb custom_margin=\u00a0\u00bb||1px|||\u00a0\u00bb custom_padding=\u00a0\u00bb16px|32px|16px|32px|true|true\u00a0\u00bb button_border_radius_hover=\u00a0\u00bb100px\u00a0\u00bb button_letter_spacing_hover=\u00a0\u00bb5px\u00a0\u00bb button_bg_color_hover=\u00a0\u00bb#3980f9&Prime; locked=\u00a0\u00bboff\u00a0\u00bb button_text_size__hover_enabled=\u00a0\u00bboff\u00a0\u00bb button_one_text_size__hover_enabled=\u00a0\u00bboff\u00a0\u00bb button_two_text_size__hover_enabled=\u00a0\u00bboff\u00a0\u00bb button_text_color__hover_enabled=\u00a0\u00bboff\u00a0\u00bb button_one_text_color__hover_enabled=\u00a0\u00bboff\u00a0\u00bb button_two_text_color__hover_enabled=\u00a0\u00bboff\u00a0\u00bb button_border_width__hover_enabled=\u00a0\u00bboff\u00a0\u00bb button_one_border_width__hover_enabled=\u00a0\u00bboff\u00a0\u00bb button_two_border_width__hover_enabled=\u00a0\u00bboff\u00a0\u00bb button_border_color__hover_enabled=\u00a0\u00bboff\u00a0\u00bb button_one_border_color__hover_enabled=\u00a0\u00bboff\u00a0\u00bb button_two_border_color__hover_enabled=\u00a0\u00bboff\u00a0\u00bb button_border_radius__hover_enabled=\u00a0\u00bbon\u00a0\u00bb button_border_radius__hover=\u00a0\u00bb100px\u00a0\u00bb button_one_border_radius__hover_enabled=\u00a0\u00bboff\u00a0\u00bb button_two_border_radius__hover_enabled=\u00a0\u00bboff\u00a0\u00bb button_letter_spacing__hover_enabled=\u00a0\u00bbon\u00a0\u00bb button_letter_spacing__hover=\u00a0\u00bb5px\u00a0\u00bb button_one_letter_spacing__hover_enabled=\u00a0\u00bboff\u00a0\u00bb button_two_letter_spacing__hover_enabled=\u00a0\u00bboff\u00a0\u00bb button_bg_color__hover_enabled=\u00a0\u00bbon\u00a0\u00bb button_bg_color__hover=\u00a0\u00bb#3980f9&Prime; button_one_bg_color__hover_enabled=\u00a0\u00bboff\u00a0\u00bb button_two_bg_color__hover_enabled=\u00a0\u00bboff\u00a0\u00bb][\/et_pb_button][\/et_pb_column][\/et_pb_row][et_pb_row _builder_version=\u00a0\u00bb4.4.8&Prime; custom_padding=\u00a0\u00bb0px|||||\u00a0\u00bb][et_pb_column type=\u00a0\u00bb4_4&Prime; _builder_version=\u00a0\u00bb4.4.8&Prime;][et_pb_text _builder_version=\u00a0\u00bb4.6.5&Prime; text_font=\u00a0\u00bbOpen Sans||||||||\u00a0\u00bb text_font_size=\u00a0\u00bb16px\u00a0\u00bb text_line_height=\u00a0\u00bb1.8em\u00a0\u00bb max_width=\u00a0\u00bb100%\u00a0\u00bb max_width_last_edited=\u00a0\u00bboff|desktop\u00a0\u00bb custom_margin=\u00a0\u00bb|-658px||||\u00a0\u00bb text_font_size_tablet=\u00a0\u00bb16px\u00a0\u00bb text_font_size_phone=\u00a0\u00bb16px\u00a0\u00bb text_font_size_last_edited=\u00a0\u00bbon|phone\u00a0\u00bb locked=\u00a0\u00bboff\u00a0\u00bb]<p>&nbsp;<\/p>\n<ul>\n<li style=\"text-align: left;\"><a href=\"https:\/\/www.address-expert.com\/fr\/norme-postale\/\">Normalisation postale<\/a><span><\/span><\/li>\n<li style=\"text-align: left;\"><a href=\"https:\/\/www.address-expert.com\/fr\/deduplication\/\">D\u00e9duplication \/ D\u00e9doublonnage<\/a><\/li>\n<li style=\"text-align: left;\"><a href=\"https:\/\/www.address-expert.com\/fr\/location-de-fichiers\/\"><span>Listes repoussoirs \/ do-not-mail<\/span><\/a><\/li>\n<li style=\"text-align: left;\"><a href=\"https:\/\/www.address-expert.com\/fr\/demenages\/\">Recherche des d\u00e9m\u00e9nag\u00e9s<\/span><\/li>\n<li style=\"text-align: left;\"><a href=\"https:\/\/www.address-expert.com\/fr\/enrichissements\/\">Enrichissement de donn\u00e9es B2B et B2C<\/a><\/li>\n<\/ul>[\/et_pb_text][\/et_pb_column][\/et_pb_row][\/et_pb_section]\n<span class=\"et_bloom_bottom_trigger\"><\/span>","protected":false},"excerpt":{"rendered":"<p>TRAITEMENT DE STANDARDISATION ET REFORMATAGESQuels enjeux ? Les donn\u00e9es d\u2019aujourd\u2019hui sont collect\u00e9es via de multiples canaux et points de contact, ayant pour cons\u00e9quence un risque accru de voir des formats diff\u00e9rents pour une m\u00eame information.\u00a0 Ainsi, le but de la standardisation des donn\u00e9es est d\u2019assurer une interop\u00e9rabilit\u00e9 optimale des donn\u00e9es entre elles, en vue de [&hellip;]<\/p>\n","protected":false},"author":3,"featured_media":0,"parent":0,"menu_order":0,"comment_status":"closed","ping_status":"closed","template":"","meta":{"_et_pb_use_builder":"on","_et_pb_old_content":"","_et_gb_content_width":"","_monsterinsights_skip_tracking":false,"_monsterinsights_sitenote_active":false,"_monsterinsights_sitenote_note":"","_monsterinsights_sitenote_category":0,"footnotes":""},"class_list":["post-1283","page","type-page","status-publish","hentry"],"_links":{"self":[{"href":"http:\/\/www.address-expert.com\/fr\/wp-json\/wp\/v2\/pages\/1283","targetHints":{"allow":["GET"]}}],"collection":[{"href":"http:\/\/www.address-expert.com\/fr\/wp-json\/wp\/v2\/pages"}],"about":[{"href":"http:\/\/www.address-expert.com\/fr\/wp-json\/wp\/v2\/types\/page"}],"author":[{"embeddable":true,"href":"http:\/\/www.address-expert.com\/fr\/wp-json\/wp\/v2\/users\/3"}],"replies":[{"embeddable":true,"href":"http:\/\/www.address-expert.com\/fr\/wp-json\/wp\/v2\/comments?post=1283"}],"version-history":[{"count":13,"href":"http:\/\/www.address-expert.com\/fr\/wp-json\/wp\/v2\/pages\/1283\/revisions"}],"predecessor-version":[{"id":2075,"href":"http:\/\/www.address-expert.com\/fr\/wp-json\/wp\/v2\/pages\/1283\/revisions\/2075"}],"wp:attachment":[{"href":"http:\/\/www.address-expert.com\/fr\/wp-json\/wp\/v2\/media?parent=1283"}],"curies":[{"name":"wp","href":"https:\/\/api.w.org\/{rel}","templated":true}]}}